{"id":1327,"date":"2018-08-27T13:19:18","date_gmt":"2018-08-27T13:19:18","guid":{"rendered":"http:\/\/www.homeopathyschool.fi\/?page_id=1327"},"modified":"2024-02-21T13:44:04","modified_gmt":"2024-02-21T13:44:04","slug":"vanessa-parrado-lobo","status":"publish","type":"page","link":"https:\/\/www.homeopathyschool.fi\/?page_id=1327","title":{"rendered":"Vanessa Parrado Lobo"},"content":{"rendered":"<div class=\"wp-block-image\">\n<figure class=\"alignright size-large is-resized\"><a href=\"https:\/\/www.homeopathyschool.fi\/wp-content\/uploads\/2024\/02\/Vanessa-3.jpg\"><img loading=\"lazy\" decoding=\"async\" width=\"580\" height=\"1024\" src=\"https:\/\/www.homeopathyschool.fi\/wp-content\/uploads\/2024\/02\/Vanessa-3-580x1024.jpg\" alt=\"\" class=\"wp-image-2605\" style=\"width:238px;height:auto\" srcset=\"https:\/\/www.homeopathyschool.fi\/wp-content\/uploads\/2024\/02\/Vanessa-3-580x1024.jpg 580w, https:\/\/www.homeopathyschool.fi\/wp-content\/uploads\/2024\/02\/Vanessa-3-170x300.jpg 170w, https:\/\/www.homeopathyschool.fi\/wp-content\/uploads\/2024\/02\/Vanessa-3.jpg 720w\" sizes=\"(max-width: 580px) 100vw, 580px\" \/><\/a><\/figure><\/div>\n\n<div dir=\"auto\">Min\u00e4 olen Vanessa<\/div>\n<div dir=\"auto\">Olen ollut homeopaatti 20 + vuotta. Opiskelin homeopatiaa ja naturopatiaa Alankomaissa.\u00a0<\/div>\n<div dir=\"auto\">\u00a0<\/div>\n<div dir=\"auto\">Olen opettanut t\u00e4ss\u00e4 koulussa vuodesta 2008.\u00a0<\/div>\n<div dir=\"auto\">\u00a0<\/div>\n<div dir=\"auto\">Opettajana rakastan ty\u00f6skennell\u00e4 analogioiden, tarinoiden ja tapausesimerkkien kanssa.\u00a0<\/div>\n<div dir=\"auto\">\u00a0<\/div>\n<div dir=\"auto\">Olen hyvin maanl\u00e4heinen, j\u00e4rjestelm\u00e4llinen ja selke\u00e4. Kun opetan, olen t\u00e4ysin l\u00e4sn\u00e4.\u00a0<\/div>\n<div dir=\"auto\">\u00a0<\/div>\n<div dir=\"auto\">Suosikkiaineeni ovat aina homeopaattisen filosofian ymp\u00e4rill\u00e4, mutta rakastan my\u00f6s klinikoiden ja tapausanalyysien tekemist\u00e4.<\/div>\n<div dir=\"auto\">\u00a0<\/div>\n<div dir=\"auto\">Opettaminen on yksi minun intohimoni ja nautin siit\u00e4 aina!\u00a0<\/div>\n<div dir=\"auto\">\u00a0<\/div>\n<div dir=\"auto\">Tervetuloa opiskelemaan kanssamme!<\/div>\n<div dir=\"auto\">\u00a0<\/div>\n<p>Vanessa<\/p>\n<p>vparradolobo@gmail.com<\/p>\n<p>+358-50 413 3387<\/p>\n\n\n<figure class=\"wp-block-embed is-type-video is-provider-youtube wp-block-embed-youtube wp-embed-aspect-16-9 wp-has-aspect-ratio\"><div class=\"wp-block-embed__wrapper\">\n<iframe loading=\"lazy\" title=\"Vanessa Parrado Lobo\" width=\"525\" height=\"295\" src=\"https:\/\/www.youtube.com\/embed\/rSFkFv1oB_o?feature=oembed\" frameborder=\"0\" allow=\"accelerometer; autoplay; clipboard-write; encrypted-media; gyroscope; picture-in-picture; web-share\" allowfullscreen><\/iframe>\n<\/div><figcaption class=\"wp-element-caption\">Vanessa Parrado Lobo<\/figcaption><\/figure>\n","protected":false},"excerpt":{"rendered":"<p>Min\u00e4 olen Vanessa Olen ollut homeopaatti 20 + vuotta. Opiskelin homeopatiaa ja naturopatiaa Alankomaissa.\u00a0 \u00a0 Olen opettanut t\u00e4ss\u00e4 koulussa vuodesta 2008.\u00a0 \u00a0 Opettajana rakastan ty\u00f6skennell\u00e4 analogioiden, tarinoiden ja tapausesimerkkien kanssa.\u00a0 \u00a0 Olen hyvin maanl\u00e4heinen, j\u00e4rjestelm\u00e4llinen ja selke\u00e4. Kun opetan, olen t\u00e4ysin l\u00e4sn\u00e4.\u00a0 \u00a0 Suosikkiaineeni ovat aina homeopaattisen filosofian ymp\u00e4rill\u00e4, mutta rakastan my\u00f6s klinikoiden ja tapausanalyysien &hellip; <\/p>\n<p class=\"link-more\"><a href=\"https:\/\/www.homeopathyschool.fi\/?page_id=1327\" class=\"more-link\">Continue reading<span class=\"screen-reader-text\"> &#8220;Vanessa Parrado Lobo&#8221;<\/span><\/a><\/p>\n","protected":false},"author":4,"featured_media":0,"parent":0,"menu_order":0,"comment_status":"closed","ping_status":"closed","template":"","meta":{"footnotes":""},"_links":{"self":[{"href":"https:\/\/www.homeopathyschool.fi\/index.php?rest_route=\/wp\/v2\/pages\/1327"}],"collection":[{"href":"https:\/\/www.homeopathyschool.fi\/index.php?rest_route=\/wp\/v2\/pages"}],"about":[{"href":"https:\/\/www.homeopathyschool.fi\/index.php?rest_route=\/wp\/v2\/types\/page"}],"author":[{"embeddable":true,"href":"https:\/\/www.homeopathyschool.fi\/index.php?rest_route=\/wp\/v2\/users\/4"}],"replies":[{"embeddable":true,"href":"https:\/\/www.homeopathyschool.fi\/index.php?rest_route=%2Fwp%2Fv2%2Fcomments&post=1327"}],"version-history":[{"count":13,"href":"https:\/\/www.homeopathyschool.fi\/index.php?rest_route=\/wp\/v2\/pages\/1327\/revisions"}],"predecessor-version":[{"id":2608,"href":"https:\/\/www.homeopathyschool.fi\/index.php?rest_route=\/wp\/v2\/pages\/1327\/revisions\/2608"}],"wp:attachment":[{"href":"https:\/\/www.homeopathyschool.fi\/index.php?rest_route=%2Fwp%2Fv2%2Fmedia&parent=1327"}],"curies":[{"name":"wp","href":"https:\/\/api.w.org\/{rel}","templated":true}]}}