{"id":1336,"date":"2018-08-27T13:22:23","date_gmt":"2018-08-27T13:22:23","guid":{"rendered":"http:\/\/www.homeopathyschool.fi\/?page_id=1336"},"modified":"2020-07-08T16:01:37","modified_gmt":"2020-07-08T16:01:37","slug":"hanna-karava-holma","status":"publish","type":"page","link":"https:\/\/www.homeopathyschool.fi\/?page_id=1336","title":{"rendered":"Hanna K\u00e4r\u00e4v\u00e4-Holma"},"content":{"rendered":"<p id=\"yui_3_16_0_ym19_1_1535637485540_4670\">Hanna on koulutukseltaan Klassinen homeopaatti, Bach Kukkaterapeutti sek\u00e4 Klassinen osteopaatti (valmistumisvuosi 2019)<\/p>\n<p id=\"yui_3_16_0_ym19_1_1535637485540_4675\">H\u00e4n on opinnoissaan pyrkinyt siihen, ett\u00e4 voi auttaa tasapainoisesti niin ihmis- kuin el\u00e4inasiakkaita. T\u00e4m\u00e4n vuoksi h\u00e4n on k\u00e4ynyt my\u00f6s Turid Rugaasin parivuotisen ongelmakoirakouluttajan tutkinnon.<\/p>\n<p id=\"yui_3_16_0_ym19_1_1535637485540_4680\">Asiakasty\u00f6skentelyn lis\u00e4ksi intohimona on kouluttaminen ja kurssien pit\u00e4minen. Kurssitarjontaan kuuluu Kansainv\u00e4linen Bach Kukkaterapeuttien koulutusohjelma, Vedic Art taidekoulutus sek\u00e4 V\u00e4rihomeopatiaworkshop. Homeopatiakoulussa opetuksen aiheina ovat olleet useiden vuosien ajan filosofia sek\u00e4 l\u00e4\u00e4keainekuvat. Hanna on toiminut pitk\u00e4\u00e4n my\u00f6s ekaluokkalaisten luokanvalvojana ja tutorina.<\/p>\n<p><a href=\"http:\/\/www.valonhuoneet.fi\">www.valonhuoneet.fi<\/a><\/p>\n\n\n<figure class=\"wp-block-embed-youtube wp-block-embed is-type-video is-provider-youtube wp-embed-aspect-16-9 wp-has-aspect-ratio\"><div class=\"wp-block-embed__wrapper\">\n<iframe loading=\"lazy\" title=\"Hanna K\u00e4r\u00e4v\u00e4-Holma\" width=\"525\" height=\"295\" src=\"https:\/\/www.youtube.com\/embed\/XSfFs5VdCjw?feature=oembed\" frameborder=\"0\" allow=\"accelerometer; autoplay; encrypted-media; gyroscope; picture-in-picture\" allowfullscreen><\/iframe>\n<\/div><figcaption>Hanna K\u00e4r\u00e4v\u00e4-Holma<\/figcaption><\/figure>\n","protected":false},"excerpt":{"rendered":"<p>Hanna on koulutukseltaan Klassinen homeopaatti, Bach Kukkaterapeutti sek\u00e4 Klassinen osteopaatti (valmistumisvuosi 2019) H\u00e4n on opinnoissaan pyrkinyt siihen, ett\u00e4 voi auttaa tasapainoisesti niin ihmis- kuin el\u00e4inasiakkaita. T\u00e4m\u00e4n vuoksi h\u00e4n on k\u00e4ynyt my\u00f6s Turid Rugaasin parivuotisen ongelmakoirakouluttajan tutkinnon. Asiakasty\u00f6skentelyn lis\u00e4ksi intohimona on kouluttaminen ja kurssien pit\u00e4minen. Kurssitarjontaan kuuluu Kansainv\u00e4linen Bach Kukkaterapeuttien koulutusohjelma, Vedic Art taidekoulutus sek\u00e4 V\u00e4rihomeopatiaworkshop. &hellip; <\/p>\n<p class=\"link-more\"><a href=\"https:\/\/www.homeopathyschool.fi\/?page_id=1336\" class=\"more-link\">Continue reading<span class=\"screen-reader-text\"> &#8220;Hanna K\u00e4r\u00e4v\u00e4-Holma&#8221;<\/span><\/a><\/p>\n","protected":false},"author":5,"featured_media":0,"parent":0,"menu_order":0,"comment_status":"closed","ping_status":"closed","template":"","meta":{"footnotes":""},"_links":{"self":[{"href":"https:\/\/www.homeopathyschool.fi\/index.php?rest_route=\/wp\/v2\/pages\/1336"}],"collection":[{"href":"https:\/\/www.homeopathyschool.fi\/index.php?rest_route=\/wp\/v2\/pages"}],"about":[{"href":"https:\/\/www.homeopathyschool.fi\/index.php?rest_route=\/wp\/v2\/types\/page"}],"author":[{"embeddable":true,"href":"https:\/\/www.homeopathyschool.fi\/index.php?rest_route=\/wp\/v2\/users\/5"}],"replies":[{"embeddable":true,"href":"https:\/\/www.homeopathyschool.fi\/index.php?rest_route=%2Fwp%2Fv2%2Fcomments&post=1336"}],"version-history":[{"count":4,"href":"https:\/\/www.homeopathyschool.fi\/index.php?rest_route=\/wp\/v2\/pages\/1336\/revisions"}],"predecessor-version":[{"id":1731,"href":"https:\/\/www.homeopathyschool.fi\/index.php?rest_route=\/wp\/v2\/pages\/1336\/revisions\/1731"}],"wp:attachment":[{"href":"https:\/\/www.homeopathyschool.fi\/index.php?rest_route=%2Fwp%2Fv2%2Fmedia&parent=1336"}],"curies":[{"name":"wp","href":"https:\/\/api.w.org\/{rel}","templated":true}]}}