{"id":1690,"date":"2020-07-08T13:49:43","date_gmt":"2020-07-08T13:49:43","guid":{"rendered":"http:\/\/www.homeopathyschool.fi\/?page_id=1690"},"modified":"2024-08-05T17:06:00","modified_gmt":"2024-08-05T17:06:00","slug":"kotiapteekkikurssit","status":"publish","type":"page","link":"https:\/\/www.homeopathyschool.fi\/?page_id=1690","title":{"rendered":"Kotiapteekkikurssit"},"content":{"rendered":"\n<p>OPISKELE HOMEOPATIAA<\/p>\n\n\n<div class=\"wp-block-image\">\n<figure class=\"alignright size-large is-resized\"><img loading=\"lazy\" decoding=\"async\" width=\"500\" height=\"625\" src=\"http:\/\/www.homeopathyschool.fi\/wp-content\/uploads\/2020\/07\/homeopatia-ja-raskaus.jpg\" alt=\"\" class=\"wp-image-1750\" style=\"width:281px;height:351px\" srcset=\"https:\/\/www.homeopathyschool.fi\/wp-content\/uploads\/2020\/07\/homeopatia-ja-raskaus.jpg 500w, https:\/\/www.homeopathyschool.fi\/wp-content\/uploads\/2020\/07\/homeopatia-ja-raskaus-240x300.jpg 240w\" sizes=\"(max-width: 500px) 100vw, 500px\" \/><figcaption class=\"wp-element-caption\">Homeopaattinen raskaus ja synnytys kurssi<\/figcaption><\/figure><\/div>\n\n\n<p>Voit opiskella kauttamme lyhyit\u00e4 homeopaattisia kotiapteekkikursseja sinulle sopivana ajankohtana. Kotiapteekki-kursseja on kolme.<\/p>\n\n\n\n<ul>\n<li>Homeopaattinen matka-apteekki kurssi<\/li>\n\n\n\n<li>Lapsiperheen kotiapteekki kurssi<\/li>\n\n\n\n<li>Homeopaattinen raskaus ja synnytys kurssi<\/li>\n<\/ul>\n\n\n\n<p>Yksi kurssi sis\u00e4lt\u00e4\u00e4 3h opetusmateriaalia. Kurssit k\u00e4sittelev\u00e4t homeopaattista filosofiaa ja aiheen mukaista kotihoitoa ja homeopaattisia l\u00e4\u00e4keaineita. Mukana tulee runsas .pdf. <\/p>\n\n\n\n<p>Opettajana koulumme rehtori Reeta Pohjonen. Yhden kurssin hinta on 70 euroa.<\/p>\n\n\n\n<p>Voit tilata omasi <\/p>\n\n\n\n<p>N\u00e4m\u00e4 kaikki kurssit ja paljon muuta sis\u00e4ltyv\u00e4t <strong>HOMEOMAMAS<\/strong> kurssiin. Hinta 333 euroa. Voit tilata omasi <a href=\"https:\/\/holvi.com\/shop\/HomeopathySchoolHelsinki\/section\/kurssit\/\">T\u00c4ST\u00c4<\/a><\/p>\n\n\n\n<p>Kysy lis\u00e4\u00e4 reetarexi@gmail.com<\/p>\n\n\n\n<figure class=\"wp-block-embed is-type-video is-provider-youtube wp-block-embed-youtube wp-embed-aspect-16-9 wp-has-aspect-ratio\"><div class=\"wp-block-embed__wrapper\">\n<iframe loading=\"lazy\" title=\"Kotiapteekkikurssit\" width=\"525\" height=\"295\" src=\"https:\/\/www.youtube.com\/embed\/icObWtOA6yg?feature=oembed\" frameborder=\"0\" allow=\"accelerometer; autoplay; clipboard-write; encrypted-media; gyroscope; picture-in-picture; web-share\" referrerpolicy=\"strict-origin-when-cross-origin\" allowfullscreen><\/iframe>\n<\/div><\/figure>\n","protected":false},"excerpt":{"rendered":"<p>OPISKELE HOMEOPATIAA Voit opiskella kauttamme lyhyit\u00e4 homeopaattisia kotiapteekkikursseja sinulle sopivana ajankohtana. Kotiapteekki-kursseja on kolme. Yksi kurssi sis\u00e4lt\u00e4\u00e4 3h opetusmateriaalia. Kurssit k\u00e4sittelev\u00e4t homeopaattista filosofiaa ja aiheen mukaista kotihoitoa ja homeopaattisia l\u00e4\u00e4keaineita. Mukana tulee runsas .pdf. Opettajana koulumme rehtori Reeta Pohjonen. Yhden kurssin hinta on 70 euroa. Voit tilata omasi N\u00e4m\u00e4 kaikki kurssit ja paljon muuta sis\u00e4ltyv\u00e4t &hellip; <\/p>\n<p class=\"link-more\"><a href=\"https:\/\/www.homeopathyschool.fi\/?page_id=1690\" class=\"more-link\">Continue reading<span class=\"screen-reader-text\"> &#8220;Kotiapteekkikurssit&#8221;<\/span><\/a><\/p>\n","protected":false},"author":4,"featured_media":0,"parent":0,"menu_order":0,"comment_status":"closed","ping_status":"closed","template":"","meta":{"footnotes":""},"_links":{"self":[{"href":"https:\/\/www.homeopathyschool.fi\/index.php?rest_route=\/wp\/v2\/pages\/1690"}],"collection":[{"href":"https:\/\/www.homeopathyschool.fi\/index.php?rest_route=\/wp\/v2\/pages"}],"about":[{"href":"https:\/\/www.homeopathyschool.fi\/index.php?rest_route=\/wp\/v2\/types\/page"}],"author":[{"embeddable":true,"href":"https:\/\/www.homeopathyschool.fi\/index.php?rest_route=\/wp\/v2\/users\/4"}],"replies":[{"embeddable":true,"href":"https:\/\/www.homeopathyschool.fi\/index.php?rest_route=%2Fwp%2Fv2%2Fcomments&post=1690"}],"version-history":[{"count":19,"href":"https:\/\/www.homeopathyschool.fi\/index.php?rest_route=\/wp\/v2\/pages\/1690\/revisions"}],"predecessor-version":[{"id":2749,"href":"https:\/\/www.homeopathyschool.fi\/index.php?rest_route=\/wp\/v2\/pages\/1690\/revisions\/2749"}],"wp:attachment":[{"href":"https:\/\/www.homeopathyschool.fi\/index.php?rest_route=%2Fwp%2Fv2%2Fmedia&parent=1690"}],"curies":[{"name":"wp","href":"https:\/\/api.w.org\/{rel}","templated":true}]}}