{"id":1710,"date":"2020-07-08T15:29:01","date_gmt":"2020-07-08T15:29:01","guid":{"rendered":"http:\/\/www.homeopathyschool.fi\/?page_id=1710"},"modified":"2025-12-26T18:47:29","modified_gmt":"2025-12-26T18:47:29","slug":"apuraha","status":"publish","type":"page","link":"https:\/\/www.homeopathyschool.fi\/?page_id=1710","title":{"rendered":"Apuraha"},"content":{"rendered":"<div class=\"wp-block-image\">\n<figure class=\"alignright size-large is-resized\"><img loading=\"lazy\" decoding=\"async\" width=\"682\" height=\"852\" src=\"http:\/\/www.homeopathyschool.fi\/wp-content\/uploads\/2020\/07\/vanamo.jpg\" alt=\"\" class=\"wp-image-1746\" style=\"width:243px;height:303px\" srcset=\"https:\/\/www.homeopathyschool.fi\/wp-content\/uploads\/2020\/07\/vanamo.jpg 682w, https:\/\/www.homeopathyschool.fi\/wp-content\/uploads\/2020\/07\/vanamo-240x300.jpg 240w\" sizes=\"(max-width: 682px) 100vw, 682px\" \/><figcaption class=\"wp-element-caption\">Vanamo<\/figcaption><\/figure><\/div>\n\n\n<p>ATH voi  my\u00f6nt\u00e4\u00e4 apurahan homeopatian opintoihin.<\/p>\n\n\n\n<p>Apurahaa voivat hakea opinnoista haaveilevat v\u00e4h\u00e4varaiset ihmiset, joilla on l\u00e4heisi\u00e4 huollettavinaan (lapsia tai muita omaisia). <\/p>\n\n\n\n<p>Apurahan suuruus riippuu opinto-ohjelmasta. J\u00e4ljelle j\u00e4\u00e4v\u00e4n opintomaksun opiskelija voi maksaa pieniss\u00e4 eriss\u00e4 laatimansa maksusuunnitelman mukaisesti.<\/p>\n\n\n\n<p>L\u00e4het\u00e4 apurahahakemus ja vapaamuotoinen motivaatiokirje reetarexi@gmail.com<br>Hakemukset k\u00e4sitell\u00e4\u00e4n luottamuksellisesti. <\/p>\n","protected":false},"excerpt":{"rendered":"<p>ATH voi my\u00f6nt\u00e4\u00e4 apurahan homeopatian opintoihin. Apurahaa voivat hakea opinnoista haaveilevat v\u00e4h\u00e4varaiset ihmiset, joilla on l\u00e4heisi\u00e4 huollettavinaan (lapsia tai muita omaisia). Apurahan suuruus riippuu opinto-ohjelmasta. J\u00e4ljelle j\u00e4\u00e4v\u00e4n opintomaksun opiskelija voi maksaa pieniss\u00e4 eriss\u00e4 laatimansa maksusuunnitelman mukaisesti. L\u00e4het\u00e4 apurahahakemus ja vapaamuotoinen motivaatiokirje reetarexi@gmail.comHakemukset k\u00e4sitell\u00e4\u00e4n luottamuksellisesti.<\/p>\n","protected":false},"author":5,"featured_media":0,"parent":0,"menu_order":0,"comment_status":"closed","ping_status":"closed","template":"","meta":{"footnotes":""},"_links":{"self":[{"href":"https:\/\/www.homeopathyschool.fi\/index.php?rest_route=\/wp\/v2\/pages\/1710"}],"collection":[{"href":"https:\/\/www.homeopathyschool.fi\/index.php?rest_route=\/wp\/v2\/pages"}],"about":[{"href":"https:\/\/www.homeopathyschool.fi\/index.php?rest_route=\/wp\/v2\/types\/page"}],"author":[{"embeddable":true,"href":"https:\/\/www.homeopathyschool.fi\/index.php?rest_route=\/wp\/v2\/users\/5"}],"replies":[{"embeddable":true,"href":"https:\/\/www.homeopathyschool.fi\/index.php?rest_route=%2Fwp%2Fv2%2Fcomments&post=1710"}],"version-history":[{"count":13,"href":"https:\/\/www.homeopathyschool.fi\/index.php?rest_route=\/wp\/v2\/pages\/1710\/revisions"}],"predecessor-version":[{"id":3167,"href":"https:\/\/www.homeopathyschool.fi\/index.php?rest_route=\/wp\/v2\/pages\/1710\/revisions\/3167"}],"wp:attachment":[{"href":"https:\/\/www.homeopathyschool.fi\/index.php?rest_route=%2Fwp%2Fv2%2Fmedia&parent=1710"}],"curies":[{"name":"wp","href":"https:\/\/api.w.org\/{rel}","templated":true}]}}