{"id":1755,"date":"2020-07-08T16:50:00","date_gmt":"2020-07-08T16:50:00","guid":{"rendered":"http:\/\/www.homeopathyschool.fi\/?page_id=1755"},"modified":"2024-03-13T16:24:09","modified_gmt":"2024-03-13T16:24:09","slug":"nina-bergroth","status":"publish","type":"page","link":"https:\/\/www.homeopathyschool.fi\/?page_id=1755","title":{"rendered":"Nina Bergroth"},"content":{"rendered":"\n<figure class=\"wp-block-gallery alignright has-nested-images columns-default is-cropped wp-block-gallery-1 is-layout-flex wp-block-gallery-is-layout-flex\">\n<figure class=\"wp-block-image size-large\"><a href=\"http:\/\/www.homeopathyschool.fi\/wp-content\/uploads\/2023\/05\/NinaBergroth_0523_lores_www.jpg\"><img loading=\"lazy\" decoding=\"async\" width=\"683\" height=\"1024\" data-id=\"2471\" src=\"http:\/\/www.homeopathyschool.fi\/wp-content\/uploads\/2023\/05\/NinaBergroth_0523_lores_www-683x1024.jpg\" alt=\"\" class=\"wp-image-2471\" srcset=\"https:\/\/www.homeopathyschool.fi\/wp-content\/uploads\/2023\/05\/NinaBergroth_0523_lores_www-683x1024.jpg 683w, https:\/\/www.homeopathyschool.fi\/wp-content\/uploads\/2023\/05\/NinaBergroth_0523_lores_www-200x300.jpg 200w, https:\/\/www.homeopathyschool.fi\/wp-content\/uploads\/2023\/05\/NinaBergroth_0523_lores_www-768x1152.jpg 768w, https:\/\/www.homeopathyschool.fi\/wp-content\/uploads\/2023\/05\/NinaBergroth_0523_lores_www-1024x1536.jpg 1024w, https:\/\/www.homeopathyschool.fi\/wp-content\/uploads\/2023\/05\/NinaBergroth_0523_lores_www-1366x2048.jpg 1366w, https:\/\/www.homeopathyschool.fi\/wp-content\/uploads\/2023\/05\/NinaBergroth_0523_lores_www.jpg 1600w\" sizes=\"(max-width: 683px) 100vw, 683px\" \/><\/a><\/figure>\n<\/figure>\n\n\n\n<p>Homeopaatin vastaanotto<\/p>\n\n\n\n<p>Toimin HSH:ssa tutorina ja koulun opintosihteerin\u00e4.&nbsp;&nbsp;<\/p>\n\n\n\n<p>Valmistuin klassiseksi homeopaatiksi Transformational School of Homeopathysta kes\u00e4kuussa 2018. Homeopatia on ollut osa el\u00e4m\u00e4\u00e4ni kahdenkymmenen vuoden ajan, ja 2014 p\u00e4\u00e4tin toteuttaa unelmani ja aloittaa ammattiin t\u00e4ht\u00e4\u00e4v\u00e4t homeopatiaopinnot. Koskaan ei ole liian my\u00f6h\u00e4ist\u00e4.<\/p>\n\n\n\n<p>Olen koulutukseltani my\u00f6s luontaishoitaja, diplomivy\u00f6hyketerapeutti, koulutettu hieroja ja reikihoitaja, mutta nyt keskityn homeopatiaan, sill\u00e4 se on suurin innoittajani. Reikihoitoja rakastan my\u00f6s tehd\u00e4. Olen kiitollinen kaikesta koulutuksestani, kokemuksistani ja niiden tuomasta ymm\u00e4rryksest\u00e4 kokonaisvaltaisen hyvinvoinnin saralla.<\/p>\n\n\n\n<p>Olen \u00e4iti kahdelle ihanalle nuorelle naiselle, joita on hoidettu homeopatialla pienest\u00e4 pit\u00e4en.<\/p>\n\n\n\n<p>Ty\u00f6skentelen Reeta Pohjonen Homeopathy -tiimiss\u00e4 yhteisty\u00f6ss\u00e4 Reetan kanssa.<\/p>\n\n\n\n<p>Vastaanottoni on osoitteessa Luotsikatu 5 , 00160 Helsinki. Pid\u00e4n my\u00f6s et\u00e4vastaanottoa.<\/p>\n\n\n\n<p>Ajanvaraukset nina@homeopatiakoulutus.fi<\/p>\n\n\n\n<p>Consultations also in English.<\/p>\n\n\n\n<p><a href=\"https:\/\/www.facebook.com\/ninabergrothhomeopathyandhydration\">Nina Bergroth &amp; Hydration<\/a><br><a href=\"https:\/\/www.instagram.com\/ninabergroth\/\">@ninabergroth<\/a><\/p>\n\n\n\n<p class=\"has-luminous-vivid-amber-background-color has-background\">HINNASTO<\/p>\n\n\n\n<p class=\"has-luminous-vivid-amber-background-color has-background\"><strong>Homeopaattinen rakennekonsultaatio ensik\u00e4ynti<\/strong> 160 euroa (sis\u00e4lt\u00e4en tarvittavat l\u00e4\u00e4keaineet)<\/p>\n\n\n\n<p class=\"has-luminous-vivid-amber-background-color has-background\"><strong>Homeopaattinen rakennekonsultaatio seurantak\u00e4ynti <\/strong>140 euroa (sis\u00e4lt\u00e4en tarvittavat l\u00e4\u00e4keaineet)<\/p>\n\n\n\n<p class=\"has-luminous-vivid-amber-background-color has-background\"><strong>Homeopaattinen akuuttikonsultaatio<\/strong> arkisin 80 euroa, iltaisin klo 18- ja viikonloppuisin 120 euroa. Akuutti konsultaatio sis\u00e4lt\u00e4\u00e4 yhden puhelun ja yhden seurannan viestill\u00e4 seuraavana p\u00e4iv\u00e4n\u00e4. Asiakas hankkii l\u00e4\u00e4keaineet itse, koska akuutissa tilanteessa posti kest\u00e4\u00e4 liian kauan. Sovitusti l\u00e4\u00e4keaineen voi my\u00f6s noutaa Luotsikatu 5, Katajanokka.<\/p>\n","protected":false},"excerpt":{"rendered":"<p>Homeopaatin vastaanotto Toimin HSH:ssa tutorina ja koulun opintosihteerin\u00e4.&nbsp;&nbsp; Valmistuin klassiseksi homeopaatiksi Transformational School of Homeopathysta kes\u00e4kuussa 2018. Homeopatia on ollut osa el\u00e4m\u00e4\u00e4ni kahdenkymmenen vuoden ajan, ja 2014 p\u00e4\u00e4tin toteuttaa unelmani ja aloittaa ammattiin t\u00e4ht\u00e4\u00e4v\u00e4t homeopatiaopinnot. Koskaan ei ole liian my\u00f6h\u00e4ist\u00e4. Olen koulutukseltani my\u00f6s luontaishoitaja, diplomivy\u00f6hyketerapeutti, koulutettu hieroja ja reikihoitaja, mutta nyt keskityn homeopatiaan, sill\u00e4 se &hellip; <\/p>\n<p class=\"link-more\"><a href=\"https:\/\/www.homeopathyschool.fi\/?page_id=1755\" class=\"more-link\">Continue reading<span class=\"screen-reader-text\"> &#8220;Nina Bergroth&#8221;<\/span><\/a><\/p>\n","protected":false},"author":5,"featured_media":0,"parent":0,"menu_order":0,"comment_status":"closed","ping_status":"closed","template":"","meta":{"footnotes":""},"_links":{"self":[{"href":"https:\/\/www.homeopathyschool.fi\/index.php?rest_route=\/wp\/v2\/pages\/1755"}],"collection":[{"href":"https:\/\/www.homeopathyschool.fi\/index.php?rest_route=\/wp\/v2\/pages"}],"about":[{"href":"https:\/\/www.homeopathyschool.fi\/index.php?rest_route=\/wp\/v2\/types\/page"}],"author":[{"embeddable":true,"href":"https:\/\/www.homeopathyschool.fi\/index.php?rest_route=\/wp\/v2\/users\/5"}],"replies":[{"embeddable":true,"href":"https:\/\/www.homeopathyschool.fi\/index.php?rest_route=%2Fwp%2Fv2%2Fcomments&post=1755"}],"version-history":[{"count":22,"href":"https:\/\/www.homeopathyschool.fi\/index.php?rest_route=\/wp\/v2\/pages\/1755\/revisions"}],"predecessor-version":[{"id":2646,"href":"https:\/\/www.homeopathyschool.fi\/index.php?rest_route=\/wp\/v2\/pages\/1755\/revisions\/2646"}],"wp:attachment":[{"href":"https:\/\/www.homeopathyschool.fi\/index.php?rest_route=%2Fwp%2Fv2%2Fmedia&parent=1755"}],"curies":[{"name":"wp","href":"https:\/\/api.w.org\/{rel}","templated":true}]}}