{"id":1927,"date":"2021-02-07T17:44:38","date_gmt":"2021-02-07T17:44:38","guid":{"rendered":"http:\/\/www.homeopathyschool.fi\/?page_id=1927"},"modified":"2026-03-04T12:24:12","modified_gmt":"2026-03-04T12:24:12","slug":"homeopatian-perusopinnot-online","status":"publish","type":"page","link":"https:\/\/www.homeopathyschool.fi\/?page_id=1927","title":{"rendered":"HOMEOPATIAN PERUSOPINNOT"},"content":{"rendered":"\n<p>Voit opiskella homeopatian perusopinnot itsen\u00e4isesti. Mukaan p\u00e4\u00e4set vaikka heti! Voit aloittaa joustavasti oman aikataulusi mukaan. <\/p>\n\n\n\n<p>L\u00e4mmin tervetulotoivotus mukaan Rakastumaan Homeopatiaan.<\/p>\n\n\n\n<p class=\"has-pale-pink-background-color has-background\">VOIT ALOITTAA HOMEOPATIAN OPISKELUN HETI !<\/p>\n\n\n\n<p class=\"has-pale-pink-background-color has-background\">PERUSOPINTOJEN HINTA 1333\u20ac <\/p>\n\n\n\n<p>Koulutuksen hinta 1333\u20ac <a href=\"https:\/\/holvi.com\/shop\/HomeopathySchoolHelsinki\/product\/7dab00865b1d1e6c0c970be6ba715a1d\/\" data-type=\"link\" data-id=\"https:\/\/holvi.com\/shop\/HomeopathySchoolHelsinki\/product\/7dab00865b1d1e6c0c970be6ba715a1d\/\">t\u00e4st\u00e4<\/a> .<\/p>\n\n\n\n<p>Voit maksaa yhdess\u00e4 er\u00e4ss\u00e4, tai 4 er\u00e4ss\u00e4 tai kuukausittain. Sinulle sopivalla tavalla. <\/p>\n\n\n\n<figure class=\"wp-block-gallery has-nested-images columns-default is-cropped wp-block-gallery-1 is-layout-flex wp-block-gallery-is-layout-flex\">\n<figure class=\"wp-block-image size-large\"><a href=\"https:\/\/www.homeopathyschool.fi\/wp-content\/uploads\/2023\/11\/Homeopatian-online.jpg\"><img loading=\"lazy\" decoding=\"async\" width=\"768\" height=\"1024\" data-id=\"2538\" src=\"https:\/\/www.homeopathyschool.fi\/wp-content\/uploads\/2023\/11\/Homeopatian-online-768x1024.jpg\" alt=\"\" class=\"wp-image-2538\" srcset=\"https:\/\/www.homeopathyschool.fi\/wp-content\/uploads\/2023\/11\/Homeopatian-online-768x1024.jpg 768w, https:\/\/www.homeopathyschool.fi\/wp-content\/uploads\/2023\/11\/Homeopatian-online-225x300.jpg 225w, https:\/\/www.homeopathyschool.fi\/wp-content\/uploads\/2023\/11\/Homeopatian-online.jpg 900w\" sizes=\"(max-width: 706px) 89vw, (max-width: 767px) 82vw, 740px\" \/><\/a><\/figure>\n<\/figure>\n\n\n\n<p>Hae mukaan joukkoomme Rakastumaan Homeopatiaan ja opiskelemaan itsellesi tulevaisuuden ammatti. <\/p>\n\n\n\n<p>HOMEOPATIAN PERUSOPINNOT voit opiskella sinulle sopivana aikana.<\/p>\n\n\n\n<p>Perusopintovuoden aikana opit k\u00e4ytt\u00e4m\u00e4\u00e4n akuuttia homeopatiaa perhepiiriss\u00e4 ja arjen yll\u00e4tt\u00e4viss\u00e4 tilanteissa. Opit homeopatian perusteet, teoriaa ja filosofiaa, Materia Medica l\u00e4\u00e4keaineoppia ja oirehakemiston k\u00e4ytt\u00f6\u00e4. P\u00e4\u00e4set mukaan tutustumaan homeopaattiseen krooniseen hoitoon ja tekem\u00e4\u00e4n oman l\u00e4\u00e4keaineen. Lis\u00e4ksi p\u00e4\u00e4set mukaan ammattiopintojen &#8220;Tuesday Container&#8221; opetukseen, miss\u00e4 luennoivat vierailevat ulkomaiset homeopaatit. Perusopintojen teemana on naisten hormonaalinen hoito, lasten homeopaattinen hoito, neurotiede homeopatiassa ja raskauden ja synnytyksen perushoito. <\/p>\n\n\n\n<p>Opettajina toimivat Reeta Pohjonen, Vanessa Parrado Lobo, Hanna K\u00e4r\u00e4v\u00e4-Holma, Marika Rita ja Daniela Salomaa. Tutoreina toimivat Minna Luostarinen ja Liis Aaslaid. <\/p>\n\n\n\n<p><\/p>\n\n\n\n<p>Perusopintovuoden ulkomaiset seminaariopettajat ovat Divya Chhabra (Intia) ja  Antoinette McWeeney (Irlanti).  Divya johdattaa opiskelijat neurotieteen pariin ja siihen, miten homeopatia voi purkaa mielen ohjelmointeja neurotieteen avulla. Antoinette jakaa viisauttaan naisten hyvinvoinnin hoidosta, naisten hormonaalista tasapainoitusta ja  homeopaattista hoitoa. Antoinette on sertifioitu moon mother, opetukseen sis\u00e4ltyy kohtumeditaatioita.<\/p>\n\n\n\n<p>Koulutuksen hinta on 1333\u20ac <a href=\"https:\/\/holvi.com\/shop\/HomeopathySchoolHelsinki\/product\/7dab00865b1d1e6c0c970be6ba715a1d\/\" data-type=\"link\" data-id=\"https:\/\/holvi.com\/shop\/HomeopathySchoolHelsinki\/product\/7dab00865b1d1e6c0c970be6ba715a1d\/\">t\u00e4st\u00e4<\/a><\/p>\n\n\n\n<p>HOMEOPATIAN PERUSOPINNOT :<\/p>\n\n\n\n<p>11 moduulia, joissa jokaisessa useita videoita nettiportaalissa, et\u00e4teht\u00e4v\u00e4t mik\u00e4li haluat jatkaa aineopintoihin, oma tutori, osallistuminen ATH perheeseen, suljetut ryhm\u00e4t. Kuljet omaa tahtiasi, mutta opetusmetodimme on yhdess\u00e4luova ja osallistuva. Ryhm\u00e4n tuki ja ryhm\u00e4ytyminen on t\u00e4rke\u00e4 osa opintoja.<\/p>\n\n\n\n<p>P\u00e4\u00e4set osallistumaan Tuesday Container opetukseen syyskuusta 2025  alkaen kerran kuussa tiistaisin zoomilla klo 19-21 yhdess\u00e4 kaksivuotisten aineopiskelijoiden kanssa. Saat n\u00e4ist\u00e4 nauhoitukset.<\/p>\n\n\n\n<p>Homeopatian perusopinnot ovat hyv\u00e4 ponnahduslauta unelma-ammattiin. Perusopintojen j\u00e4lkeen voit hakea mukaan ammattiopintoihin ja perusopintojen hinta huomioidaan kaksivuotisissa ammattiopinnoissa.<\/p>\n\n\n\n<p class=\"has-background\" style=\"background-color:#07bee363\">TERVETULOA RAKASTUMAAN HOMEOPATIAAN !<\/p>\n\n\n\n<p>Kysele lis\u00e4\u00e4 reetarexi@gmail.com<\/p>\n\n\n\n<p>Perusopintoihin voi osallistua kuka vaan. Perusopintojen j\u00e4lkeen voit jatkaa kaksivuotisiin aineopintoihin. Perusopintojen hinta hyvitet\u00e4\u00e4n aineopinnoista.<\/p>\n","protected":false},"excerpt":{"rendered":"<p>Voit opiskella homeopatian perusopinnot itsen\u00e4isesti. Mukaan p\u00e4\u00e4set vaikka heti! Voit aloittaa joustavasti oman aikataulusi mukaan. L\u00e4mmin tervetulotoivotus mukaan Rakastumaan Homeopatiaan. VOIT ALOITTAA HOMEOPATIAN OPISKELUN HETI ! PERUSOPINTOJEN HINTA 1333\u20ac Koulutuksen hinta 1333\u20ac t\u00e4st\u00e4 . Voit maksaa yhdess\u00e4 er\u00e4ss\u00e4, tai 4 er\u00e4ss\u00e4 tai kuukausittain. Sinulle sopivalla tavalla. Hae mukaan joukkoomme Rakastumaan Homeopatiaan ja opiskelemaan itsellesi tulevaisuuden &hellip; <\/p>\n<p class=\"link-more\"><a href=\"https:\/\/www.homeopathyschool.fi\/?page_id=1927\" class=\"more-link\">Continue reading<span class=\"screen-reader-text\"> &#8220;HOMEOPATIAN PERUSOPINNOT&#8221;<\/span><\/a><\/p>\n","protected":false},"author":5,"featured_media":0,"parent":0,"menu_order":0,"comment_status":"closed","ping_status":"closed","template":"","meta":{"footnotes":""},"_links":{"self":[{"href":"https:\/\/www.homeopathyschool.fi\/index.php?rest_route=\/wp\/v2\/pages\/1927"}],"collection":[{"href":"https:\/\/www.homeopathyschool.fi\/index.php?rest_route=\/wp\/v2\/pages"}],"about":[{"href":"https:\/\/www.homeopathyschool.fi\/index.php?rest_route=\/wp\/v2\/types\/page"}],"author":[{"embeddable":true,"href":"https:\/\/www.homeopathyschool.fi\/index.php?rest_route=\/wp\/v2\/users\/5"}],"replies":[{"embeddable":true,"href":"https:\/\/www.homeopathyschool.fi\/index.php?rest_route=%2Fwp%2Fv2%2Fcomments&post=1927"}],"version-history":[{"count":111,"href":"https:\/\/www.homeopathyschool.fi\/index.php?rest_route=\/wp\/v2\/pages\/1927\/revisions"}],"predecessor-version":[{"id":3239,"href":"https:\/\/www.homeopathyschool.fi\/index.php?rest_route=\/wp\/v2\/pages\/1927\/revisions\/3239"}],"wp:attachment":[{"href":"https:\/\/www.homeopathyschool.fi\/index.php?rest_route=%2Fwp%2Fv2%2Fmedia&parent=1927"}],"curies":[{"name":"wp","href":"https:\/\/api.w.org\/{rel}","templated":true}]}}