{"id":2036,"date":"2021-05-19T15:33:24","date_gmt":"2021-05-19T15:33:24","guid":{"rendered":"http:\/\/www.homeopathyschool.fi\/?page_id=2036"},"modified":"2021-05-19T15:37:53","modified_gmt":"2021-05-19T15:37:53","slug":"nina-wikstrom-2","status":"publish","type":"page","link":"https:\/\/www.homeopathyschool.fi\/?page_id=2036","title":{"rendered":"Nina Wikstr\u00f6m"},"content":{"rendered":"\n<div class=\"wp-block-image\"><figure class=\"alignright is-resized\"><img loading=\"lazy\" decoding=\"async\" src=\"https:\/\/ninspring.fi\/wp-content\/uploads\/2018\/11\/Nina-Wikstr%C3%B6m.jpg\" alt=\"\" width=\"365\" height=\"487\"\/><figcaption>Nina Wikstr\u00f6m<\/figcaption><\/figure><\/div>\n\n\n\n<p><strong>Oma matkani homeopaatiksi ja hyvinvointivalmentajaksi<\/strong><\/p>\n\n\n\n<p><br>Peruskoulutukseltani olen KTM olin finanssi alalla kolmisenkymment\u00e4 vuotta. Kun oma terveyteni alkoi reistailla 2010, aloin koulul\u00e4\u00e4ketieteen tarjoamien hoitojen ohessa, etsi\u00e4 syvempi\u00e4 vastauksia siihen miksi kehoni oireili. 2012 tutustuin minulle aiemmin tuntemattomaan homeopatiaan. Sen luonnollisuus puhutteli minua, kiinnostus sit\u00e4 kohtaan kasvoi ja syksyll\u00e4 2013 l\u00f6ysinkin itseni sitten koulunpenkil\u00e4.\u00a0 Yli nelivuotinen matkani klassiseksi homeopaatiksi, ty\u00f6ni ohella, oli alkanut.\u00a0<\/p>\n\n\n\n<p><strong>Missioni<\/strong><br>Olen oman matkani aikana keskittynyt sairauden sijaan terveyteen ja sen ymm\u00e4rt\u00e4miseen ja kuuntelemiseen mit\u00e4 kehoni on viestinyt. T\u00e4m\u00e4 on l\u00e4hestymistapani my\u00f6s valmennuksissa ja asiakasty\u00f6skentelyss\u00e4. T\u00e4lt\u00e4 pohjalta tunnen, ett\u00e4 voin ja haluan auttaa asiakkaitani paikantamaan energiasolmuja ja -sy\u00f6pp\u00f6j\u00e4, n\u00e4kem\u00e4\u00e4n miten he voivat paremmin yll\u00e4pit\u00e4\u00e4 tasapainoa ja ohjata energiaansa hyvinvointiin.<\/p>\n\n\n\n<p><strong>Ty\u00f6kaluni<\/strong><br>V\u00e4ylin\u00e4 tai peilein\u00e4 ep\u00e4tasapainon, energiasy\u00f6pp\u00f6jen ja solmujen l\u00f6yt\u00e4miseen k\u00e4yt\u00e4n ymm\u00e4rryst\u00e4ni, joka on kasvanut klassisesta homeopatiasta, mielen dynamiikan ymm\u00e4rryksest\u00e4 (3P), tunnevy\u00f6hyketerapiasta ja my\u00f6s omista kokemuksistani ja oivalluksistani matkan varrella.<\/p>\n\n\n\n<p>Lis\u00e4tietoa Ninasta <a href=\"https:\/\/ninspring.fi\/\">https:\/\/ninspring.fi\/<\/a><\/p>\n\n\n\n<p><\/p>\n\n\n\n<figure class=\"wp-block-embed-youtube wp-block-embed is-type-video is-provider-youtube wp-embed-aspect-16-9 wp-has-aspect-ratio\"><div class=\"wp-block-embed__wrapper\">\n<iframe loading=\"lazy\" title=\"Nina Wikstr\u00f6m\" width=\"525\" height=\"295\" src=\"https:\/\/www.youtube.com\/embed\/YVfX-Z6FzHQ?feature=oembed\" frameborder=\"0\" allow=\"accelerometer; autoplay; clipboard-write; encrypted-media; gyroscope; picture-in-picture\" allowfullscreen><\/iframe>\n<\/div><\/figure>\n","protected":false},"excerpt":{"rendered":"<p>Oma matkani homeopaatiksi ja hyvinvointivalmentajaksi Peruskoulutukseltani olen KTM olin finanssi alalla kolmisenkymment\u00e4 vuotta. Kun oma terveyteni alkoi reistailla 2010, aloin koulul\u00e4\u00e4ketieteen tarjoamien hoitojen ohessa, etsi\u00e4 syvempi\u00e4 vastauksia siihen miksi kehoni oireili. 2012 tutustuin minulle aiemmin tuntemattomaan homeopatiaan. Sen luonnollisuus puhutteli minua, kiinnostus sit\u00e4 kohtaan kasvoi ja syksyll\u00e4 2013 l\u00f6ysinkin itseni sitten koulunpenkil\u00e4.\u00a0 Yli nelivuotinen matkani &hellip; <\/p>\n<p class=\"link-more\"><a href=\"https:\/\/www.homeopathyschool.fi\/?page_id=2036\" class=\"more-link\">Continue reading<span class=\"screen-reader-text\"> &#8220;Nina Wikstr\u00f6m&#8221;<\/span><\/a><\/p>\n","protected":false},"author":5,"featured_media":0,"parent":0,"menu_order":0,"comment_status":"closed","ping_status":"closed","template":"","meta":{"footnotes":""},"_links":{"self":[{"href":"https:\/\/www.homeopathyschool.fi\/index.php?rest_route=\/wp\/v2\/pages\/2036"}],"collection":[{"href":"https:\/\/www.homeopathyschool.fi\/index.php?rest_route=\/wp\/v2\/pages"}],"about":[{"href":"https:\/\/www.homeopathyschool.fi\/index.php?rest_route=\/wp\/v2\/types\/page"}],"author":[{"embeddable":true,"href":"https:\/\/www.homeopathyschool.fi\/index.php?rest_route=\/wp\/v2\/users\/5"}],"replies":[{"embeddable":true,"href":"https:\/\/www.homeopathyschool.fi\/index.php?rest_route=%2Fwp%2Fv2%2Fcomments&post=2036"}],"version-history":[{"count":6,"href":"https:\/\/www.homeopathyschool.fi\/index.php?rest_route=\/wp\/v2\/pages\/2036\/revisions"}],"predecessor-version":[{"id":2042,"href":"https:\/\/www.homeopathyschool.fi\/index.php?rest_route=\/wp\/v2\/pages\/2036\/revisions\/2042"}],"wp:attachment":[{"href":"https:\/\/www.homeopathyschool.fi\/index.php?rest_route=%2Fwp%2Fv2%2Fmedia&parent=2036"}],"curies":[{"name":"wp","href":"https:\/\/api.w.org\/{rel}","templated":true}]}}