{"id":2199,"date":"2022-07-14T14:00:30","date_gmt":"2022-07-14T14:00:30","guid":{"rendered":"http:\/\/www.homeopathyschool.fi\/?page_id=2199"},"modified":"2026-01-21T11:17:03","modified_gmt":"2026-01-21T11:17:03","slug":"pyha-matka","status":"publish","type":"page","link":"https:\/\/www.homeopathyschool.fi\/?page_id=2199","title":{"rendered":"Pyh\u00e4 Matka"},"content":{"rendered":"\n<figure class=\"wp-block-image size-large\"><img loading=\"lazy\" decoding=\"async\" width=\"500\" height=\"749\" src=\"http:\/\/www.homeopathyschool.fi\/wp-content\/uploads\/2022\/07\/raskauskuva.jpg\" alt=\"\" class=\"wp-image-2200\" srcset=\"https:\/\/www.homeopathyschool.fi\/wp-content\/uploads\/2022\/07\/raskauskuva.jpg 500w, https:\/\/www.homeopathyschool.fi\/wp-content\/uploads\/2022\/07\/raskauskuva-200x300.jpg 200w\" sizes=\"(max-width: 500px) 100vw, 500px\" \/><\/figure>\n\n\n\n<p>Pyh\u00e4 Matka &#8211; RASKAUS JA SYNNYTYS<\/p>\n\n\n\n<p>Olet l\u00e4mpim\u00e4sti tervetullut Homeopaattiselle, Mystiselle, Aktiiviselle ja Luonnonmukaiselle Synnytysmatkalle.<\/p>\n\n\n\n<p>El\u00e4m\u00e4nty\u00f6ni, rakkauteni ja intohimoni on ollut viimeiset 27 vuotta naisten voima, pyh\u00e4 feminiini, RED WOMAN, raskaus ja synnytykset. Amadeus johdatti minut synnytysten, homeopatian, mammajoogan maailmaan.<\/p>\n\n\n\n<p>Olin 21-vuotias kun sain valon ja suuren opettajan kannettavakseni. H\u00e4n johdatti minut polulle, jolla edelleen olen. Pyh\u00e4 Matka on er\u00e4\u00e4nlainen etappi matkallani.<\/p>\n\n\n\n<p>Kurssia on pyydetty pitk\u00e4\u00e4n, mahdollisesti laajennan sen koulutusohjelmaksi. Se on my\u00f6s hieno Matka sinulle, joka ty\u00f6skentelet raskauksien ja synnytysten parissa. Tai olet itse raskaana ja odotat pient\u00e4 ihmett\u00e4.<\/p>\n\n\n\n<p>Pyh\u00e4 matka sis\u00e4lt\u00e4\u00e4:<\/p>\n\n\n\n<ul>\n<li>Homeopaattinen filosofia<\/li>\n<\/ul>\n\n\n\n<ul>\n<li>Homeopatia raskauden, synnytyksen ja lapsivuoteen aikana<\/li>\n<\/ul>\n\n\n\n<ul>\n<li>V\u00e4rihomeopatia ja chakrat<\/li>\n<\/ul>\n\n\n\n<ul>\n<li>Solumineraalit, eteeriset \u00f6ljyt ja terapeuttiset jalokivet<\/li>\n<\/ul>\n\n\n\n<ul>\n<li>Potenssit ja annostelu<\/li>\n<\/ul>\n\n\n\n<ul>\n<li>Pyh\u00e4 Naiseus, yoni eggs, taolaiset harjoitukset, RED WOMAN<\/li>\n\n\n\n<li>Maria Magdalena opetus<\/li>\n\n\n\n<li>Sacred Feminine remedies<\/li>\n\n\n\n<li>Shamanistic remedies of the Arctic opetus<\/li>\n<\/ul>\n\n\n\n<p>Tammikuun hinta 222\u20ac (ovh. 333 euroa)<\/p>\n\n\n\n<p>Ilmoittautumiset reetarexi@gmail.com<\/p>\n\n\n\n<p>Voit ostaa kurssin <a href=\"https:\/\/holvi.com\/shop\/HomeopathySchoolHelsinki\/product\/c456e7bab5ffbda4f1ffbdaa858f5a42\/\">SHOPISTA<\/a><\/p>\n","protected":false},"excerpt":{"rendered":"<p>Pyh\u00e4 Matka &#8211; RASKAUS JA SYNNYTYS Olet l\u00e4mpim\u00e4sti tervetullut Homeopaattiselle, Mystiselle, Aktiiviselle ja Luonnonmukaiselle Synnytysmatkalle. El\u00e4m\u00e4nty\u00f6ni, rakkauteni ja intohimoni on ollut viimeiset 27 vuotta naisten voima, pyh\u00e4 feminiini, RED WOMAN, raskaus ja synnytykset. Amadeus johdatti minut synnytysten, homeopatian, mammajoogan maailmaan. Olin 21-vuotias kun sain valon ja suuren opettajan kannettavakseni. H\u00e4n johdatti minut polulle, jolla edelleen &hellip; <\/p>\n<p class=\"link-more\"><a href=\"https:\/\/www.homeopathyschool.fi\/?page_id=2199\" class=\"more-link\">Continue reading<span class=\"screen-reader-text\"> &#8220;Pyh\u00e4 Matka&#8221;<\/span><\/a><\/p>\n","protected":false},"author":5,"featured_media":0,"parent":0,"menu_order":0,"comment_status":"closed","ping_status":"closed","template":"","meta":{"footnotes":""},"_links":{"self":[{"href":"https:\/\/www.homeopathyschool.fi\/index.php?rest_route=\/wp\/v2\/pages\/2199"}],"collection":[{"href":"https:\/\/www.homeopathyschool.fi\/index.php?rest_route=\/wp\/v2\/pages"}],"about":[{"href":"https:\/\/www.homeopathyschool.fi\/index.php?rest_route=\/wp\/v2\/types\/page"}],"author":[{"embeddable":true,"href":"https:\/\/www.homeopathyschool.fi\/index.php?rest_route=\/wp\/v2\/users\/5"}],"replies":[{"embeddable":true,"href":"https:\/\/www.homeopathyschool.fi\/index.php?rest_route=%2Fwp%2Fv2%2Fcomments&post=2199"}],"version-history":[{"count":11,"href":"https:\/\/www.homeopathyschool.fi\/index.php?rest_route=\/wp\/v2\/pages\/2199\/revisions"}],"predecessor-version":[{"id":3200,"href":"https:\/\/www.homeopathyschool.fi\/index.php?rest_route=\/wp\/v2\/pages\/2199\/revisions\/3200"}],"wp:attachment":[{"href":"https:\/\/www.homeopathyschool.fi\/index.php?rest_route=%2Fwp%2Fv2%2Fmedia&parent=2199"}],"curies":[{"name":"wp","href":"https:\/\/api.w.org\/{rel}","templated":true}]}}