{"id":2351,"date":"2023-02-26T14:36:16","date_gmt":"2023-02-26T14:36:16","guid":{"rendered":"http:\/\/www.homeopathyschool.fi\/?page_id=2351"},"modified":"2025-07-15T12:52:58","modified_gmt":"2025-07-15T12:52:58","slug":"kangen-vesi","status":"publish","type":"page","link":"https:\/\/www.homeopathyschool.fi\/?page_id=2351","title":{"rendered":"LUMIVITAE &#8211; LIGHT OF LIFE"},"content":{"rendered":"\n<p>L\u00c4HDE T\u00c4YNN\u00c4 VEDEN PARANTAVAA ENERGIAA<\/p>\n\n\n\n<p class=\"has-light-green-cyan-background-color has-background\">HANKI OMA LUMIVITAE PULLO <a href=\"https:\/\/reetapohjonen.lumivitae.com\">T\u00c4ST\u00c4<\/a> \/ GET YOUR OWN LUMIVITAE MAGIC <a href=\"https:\/\/reetapohjonen.lumivitae.com\">HERE<\/a><\/p>\n\n\n\n<div class=\"wp-block-columns is-layout-flex wp-container-core-columns-layout-1 wp-block-columns-is-layout-flex\">\n<div class=\"wp-block-column is-layout-flow wp-block-column-is-layout-flow\"><\/div>\n\n\n\n<div class=\"wp-block-column is-layout-flow wp-block-column-is-layout-flow\"><\/div>\n<\/div>\n\n\n\n<p>LUMIVITAE &#8211; LIQUID LIGHT <\/p>\n\n\n<div class=\"wp-block-image\">\n<figure class=\"alignright size-large is-resized\"><a href=\"https:\/\/www.homeopathyschool.fi\/wp-content\/uploads\/2024\/03\/LUMIVITAE-PULLO-DG-3.jpg\"><img loading=\"lazy\" decoding=\"async\" width=\"576\" height=\"1024\" src=\"https:\/\/www.homeopathyschool.fi\/wp-content\/uploads\/2024\/03\/LUMIVITAE-PULLO-DG-3-576x1024.jpg\" alt=\"\" class=\"wp-image-2641\" style=\"width:176px;height:auto\" srcset=\"https:\/\/www.homeopathyschool.fi\/wp-content\/uploads\/2024\/03\/LUMIVITAE-PULLO-DG-3-576x1024.jpg 576w, https:\/\/www.homeopathyschool.fi\/wp-content\/uploads\/2024\/03\/LUMIVITAE-PULLO-DG-3-169x300.jpg 169w, https:\/\/www.homeopathyschool.fi\/wp-content\/uploads\/2024\/03\/LUMIVITAE-PULLO-DG-3-768x1365.jpg 768w, https:\/\/www.homeopathyschool.fi\/wp-content\/uploads\/2024\/03\/LUMIVITAE-PULLO-DG-3-864x1536.jpg 864w, https:\/\/www.homeopathyschool.fi\/wp-content\/uploads\/2024\/03\/LUMIVITAE-PULLO-DG-3.jpg 1080w\" sizes=\"(max-width: 576px) 100vw, 576px\" \/><\/a><\/figure><\/div>\n\n\n<p>LumiVitae vetyvesipullo on uusinta korkealaatuista teknologiaa. Pullossa yhdistyy magneettiterapia, v\u00e4riterapia, taajuusterapia (frequency) ja molekulaarinen vety.<\/p>\n\n\n\n<p>Lumivitae pullon kannessa on valittavissa kolme eri taajuutta, jotka v\u00e4r\u00e4htelev\u00e4t veteesi joko energiaa, palautumista tai auringonvaloa (Lumivitae). Pullon pohjassa on kalibroidut magneetit, jotka j\u00e4ljittelev\u00e4t Maan ytimen magneettikentt\u00e4\u00e4. Pohjasta voit my\u00f6s valita v\u00e4riterapian, oman tunnelman mukaan. Se hoitaa chakrojasi.<\/p>\n\n\n\n<p><strong>LUMIVITAE TOIMINNOT<\/strong><\/p>\n\n\n\n<p class=\"has-pale-cyan-blue-background-color has-background\"><br>V\u00c4RITERAPIA &#8211; Lumivitae pullon pohjasta voit valita 7 eri v\u00e4ri\u00e4. Voit ihailla kun pullo tekee vetyvett\u00e4 ja v\u00e4rit hoitavat sinua.                                                                                                                                                                        <\/p>\n\n\n\n<p class=\"has-light-green-cyan-background-color has-background\">MAGNEETTIKENTT\u00c4 &#8211; Kalibroidut magneetit pullon pohjassa j\u00e4ljittelev\u00e4t Maan ytimen magneettikentt\u00e4\u00e4. Niiss\u00e4 ei ole s\u00e4hk\u00f6\u00e4, vaan ne ovat kestomagneetteja, jotka takaavat tasaisen, luonnollisen magneettikent\u00e4n.<\/p>\n\n\n\n<p><\/p>\n\n\n\n<p class=\"has-background\" style=\"background-color:#ab73c7ad\">TAAJUUSKANSI<br>Lumivitae pullon taustalla on Nuno Nina. H\u00e4n on vuosia tutkinut ja kehitt\u00e4nyt taajuusterapia-laitteita. H\u00e4n on my\u00f6s Healyn taustalla. Taajuuskannessa voit valita 3 eri taajuutta. <\/p>\n\n\n\n<p class=\"has-background\" style=\"background-color:#ab73c7ad\">1) Energia &#8211; tuo energiaa p\u00e4iv\u00e4ll\u00e4.                                                                                                                           2) Palautuminen &#8211; tukee ja nopeuttaa palautumista.                                                                                   3) LumiVitae &#8211; v\u00e4litt\u00e4\u00e4 auringon virkist\u00e4v\u00e4\u00e4 energiaa<\/p>\n\n\n<div class=\"wp-block-image\">\n<figure class=\"alignright size-large is-resized\"><a href=\"https:\/\/www.homeopathyschool.fi\/wp-content\/uploads\/2024\/03\/LUMIVITAE-PULLO-DG-4.jpg\"><img loading=\"lazy\" decoding=\"async\" width=\"576\" height=\"1024\" src=\"https:\/\/www.homeopathyschool.fi\/wp-content\/uploads\/2024\/03\/LUMIVITAE-PULLO-DG-4-576x1024.jpg\" alt=\"\" class=\"wp-image-2620\" style=\"width:297px;height:auto\" srcset=\"https:\/\/www.homeopathyschool.fi\/wp-content\/uploads\/2024\/03\/LUMIVITAE-PULLO-DG-4-576x1024.jpg 576w, https:\/\/www.homeopathyschool.fi\/wp-content\/uploads\/2024\/03\/LUMIVITAE-PULLO-DG-4-169x300.jpg 169w, https:\/\/www.homeopathyschool.fi\/wp-content\/uploads\/2024\/03\/LUMIVITAE-PULLO-DG-4-768x1365.jpg 768w, https:\/\/www.homeopathyschool.fi\/wp-content\/uploads\/2024\/03\/LUMIVITAE-PULLO-DG-4-864x1536.jpg 864w, https:\/\/www.homeopathyschool.fi\/wp-content\/uploads\/2024\/03\/LUMIVITAE-PULLO-DG-4.jpg 1080w\" sizes=\"(max-width: 576px) 100vw, 576px\" \/><\/a><\/figure><\/div>\n\n\n<p>Homeopathy School Helsingiss\u00e4 juomme ionisoitua vetyvett\u00e4. Meill\u00e4 on Luotsikatu 5 tiloissa Kangen K8 laite ja Lumivitae pullot, voit tulla tutustumaan niihin ja maistamaan vetyvett\u00e4.<\/p>\n\n\n\n<p><\/p>\n\n\n\n<p><\/p>\n\n\n\n<p><\/p>\n\n\n\n<p><\/p>\n\n\n\n<p><\/p>\n\n\n\n<p class=\"has-pale-cyan-blue-background-color has-background\">HANKI OMA LUMIVITAE PULLO <a href=\"https:\/\/www.lumivitae.com\/xm4nqd\">T\u00c4ST\u00c4<\/a> GET YOUR OWN LUMIVITAE MAGIC <a href=\"https:\/\/www.lumivitae.com\/xm4nqd\" data-type=\"link\" data-id=\"https:\/\/www.lumivitae.com\/xm4nqd\">HERE<\/a><\/p>\n\n\n\n<p>                                          <\/p>\n\n\n\n<p><\/p>\n\n\n\n<p><\/p>\n\n\n\n<p><\/p>\n\n\n\n<figure class=\"wp-block-gallery has-nested-images columns-default is-cropped wp-block-gallery-1 is-layout-flex wp-block-gallery-is-layout-flex\"><\/figure>\n","protected":false},"excerpt":{"rendered":"<p>L\u00c4HDE T\u00c4YNN\u00c4 VEDEN PARANTAVAA ENERGIAA HANKI OMA LUMIVITAE PULLO T\u00c4ST\u00c4 \/ GET YOUR OWN LUMIVITAE MAGIC HERE LUMIVITAE &#8211; LIQUID LIGHT LumiVitae vetyvesipullo on uusinta korkealaatuista teknologiaa. Pullossa yhdistyy magneettiterapia, v\u00e4riterapia, taajuusterapia (frequency) ja molekulaarinen vety. Lumivitae pullon kannessa on valittavissa kolme eri taajuutta, jotka v\u00e4r\u00e4htelev\u00e4t veteesi joko energiaa, palautumista tai auringonvaloa (Lumivitae). Pullon pohjassa &hellip; <\/p>\n<p class=\"link-more\"><a href=\"https:\/\/www.homeopathyschool.fi\/?page_id=2351\" class=\"more-link\">Continue reading<span class=\"screen-reader-text\"> &#8220;LUMIVITAE &#8211; LIGHT OF LIFE&#8221;<\/span><\/a><\/p>\n","protected":false},"author":5,"featured_media":0,"parent":0,"menu_order":0,"comment_status":"closed","ping_status":"closed","template":"","meta":{"footnotes":""},"_links":{"self":[{"href":"https:\/\/www.homeopathyschool.fi\/index.php?rest_route=\/wp\/v2\/pages\/2351"}],"collection":[{"href":"https:\/\/www.homeopathyschool.fi\/index.php?rest_route=\/wp\/v2\/pages"}],"about":[{"href":"https:\/\/www.homeopathyschool.fi\/index.php?rest_route=\/wp\/v2\/types\/page"}],"author":[{"embeddable":true,"href":"https:\/\/www.homeopathyschool.fi\/index.php?rest_route=\/wp\/v2\/users\/5"}],"replies":[{"embeddable":true,"href":"https:\/\/www.homeopathyschool.fi\/index.php?rest_route=%2Fwp%2Fv2%2Fcomments&post=2351"}],"version-history":[{"count":47,"href":"https:\/\/www.homeopathyschool.fi\/index.php?rest_route=\/wp\/v2\/pages\/2351\/revisions"}],"predecessor-version":[{"id":3040,"href":"https:\/\/www.homeopathyschool.fi\/index.php?rest_route=\/wp\/v2\/pages\/2351\/revisions\/3040"}],"wp:attachment":[{"href":"https:\/\/www.homeopathyschool.fi\/index.php?rest_route=%2Fwp%2Fv2%2Fmedia&parent=2351"}],"curies":[{"name":"wp","href":"https:\/\/api.w.org\/{rel}","templated":true}]}}