{"id":2385,"date":"2023-02-27T13:49:14","date_gmt":"2023-02-27T13:49:14","guid":{"rendered":"http:\/\/www.homeopathyschool.fi\/?page_id=2385"},"modified":"2025-10-10T22:36:00","modified_gmt":"2025-10-10T22:36:00","slug":"homeopatian-ammattiopinnot","status":"publish","type":"page","link":"https:\/\/www.homeopathyschool.fi\/?page_id=2385","title":{"rendered":"HOMEOPATIAN KAKSIVUOTISET AMMATTIOPINNOT"},"content":{"rendered":"\n<p class=\"has-pale-ocean-gradient-background has-background\"> LAITA VAPAAAMUOTOINEN HAKEMUS REETAREXI@GMAIL.COM NIIN KUTSUMME SINUT HAASTATTELUUN. P\u00c4\u00c4SET MUKAAN MIK\u00c4LI OLET SUORITTANUT HOMEOPATIAN PERUSOPINNOT.<\/p>\n\n\n\n<p>L\u00e4hde mukaamme uuteen koulutukseen. Voit valmistua ammattihomeopaatiksi kahdessa vuodessa. Koulutustahti on intensiivinen ja yhdess\u00e4luova. Koulumme on SHRY:n ja ECCH:n hyv\u00e4ksym\u00e4.<\/p>\n\n\n\n<p>Koulutus tapahtuu monimuoto-opetuksena. Opiskelet ONLINE, tapaamme nelj\u00e4 kertaa vuodessa liven\u00e4(my\u00f6s zoom) ja viikoittaisissa ONLINE CONTAINER luokissa. Olet mukana alusta asti koulun aineopiskelijoiden opetuksessa, klinikoissa.<\/p>\n\n\n\n<p>Kaksivuotisessa koulutus perustuu intensiiviseen ja yhteis\u00f6lliseen ty\u00f6skentelyyn yhdess\u00e4 omien tutoreiden ja opettajien kanssa. Tutorit ja opettajat huolehtivat, ett\u00e4 opiskelijat s\u00e4ilytt\u00e4v\u00e4t motivaation ja auttavat k\u00e4dest\u00e4 tukien opiskelijoita valmistumaan kahdessa vuodessa. Opetuskieli on englanti, mutta voit tehd\u00e4 teht\u00e4v\u00e4t ja case tutoroinnin omalla kielell\u00e4si. Kielivaihtoehtoina meill\u00e4 on t\u00e4ll\u00e4 hetkell\u00e4 suomi, englanti, ruotsi, italia, saksa ja eesti.<\/p>\n\n\n\n<p>Mik\u00e4li et ole aiemmin suorittanut l\u00e4\u00e4ketieteen 25 op, voi olla, ett\u00e4 valmistut kolmessa vuodessa. Jokaiselle tehd\u00e4\u00e4n oma opetussuunnitelma ja opiskelu on yksil\u00f6llist\u00e4.<\/p>\n\n\n\n<p>Lukuvuoden 2025-2027 seminaariviikonloppujen luennoitsijat ovat Reeta Pohjonen, Janey Lavelle, Ian Watson, Alize Timmerman, Sarah Valentini ja Declan Hammond. Lis\u00e4ksi meill\u00e4 luennoi useita kansainv\u00e4lisi\u00e4 vierailijoitaTuesday Container opetuksessa.<\/p>\n\n\n\n<p>Tutoreina toimivat Liis Aaslaid, Miia Ihalempi\u00e4 ja Minna Luostarinen. Opettajina toimivat Reeta Pohjonen, Guy Wurman, Sapna Devi, Divya Chhabra, Janey Lavelle, Alize Timmerman, Sarah Valentini, Declan Hammond, Ian Watson ja tunnetut homeopaatit maailmalta.<\/p>\n\n\n\n<p>Koulutuksesta pian lis\u00e4\u00e4 uusilla nettisivuillamme www.athomeopathy.fi<\/p>\n\n\n\n<p>Koulutus on yhdess\u00e4luovaa, osallistuvaa, inspiroivaa, voimauttavaa ja tiedollista.<\/p>\n\n\n\n<p class=\"has-blush-light-purple-gradient-background has-background\">Koko koulutuksen hinta on 8888 euroa + varausmaksu 250\u20ac. Perusopintojen tai HomeoMamas hinta v\u00e4hennet\u00e4\u00e4n t\u00e4st\u00e4. Voit maksaa 1-24 osassa.<\/p>\n\n\n\n<p><\/p>\n\n\n\n<p>HAKU AUKI KOULUTUKSEEN ! <\/p>\n\n\n\n<p>Kirjoita hakulomakkeeseen, ett\u00e4 haet kaksivuotiseen koulutukseen.<\/p>\n\n\n\n<p class=\"has-pale-ocean-gradient-background has-background\">&#8220;Homeopatian kaksivuotiset opinnot ovat olleet loistava vaihtoehto omassa el\u00e4m\u00e4ntilanteessani. Hieman harvemmin tapahtuvien viikonloppuopintojen lis\u00e4ksi jokaviikkoiset et\u00e4luennot pit\u00e4v\u00e4t kuitenkin aktiivisesti kiinni opinnoissa. Pid\u00e4n erityisesti koulun l\u00e4mpim\u00e4st\u00e4 ja hyv\u00e4ksyv\u00e4st\u00e4 ilmapiirist\u00e4, miss\u00e4 kaikki kohdataan itsen\u00e4\u00e4n. Asiat hoidetaan aina joustavasti ja my\u00f6s opiskelijoiden palautetta kuunnellaan. Koulu erottuu edukseen my\u00f6s siin\u00e4, ett\u00e4 opetukseen sis\u00e4ltyy klassisen homeopatian lis\u00e4ksi alan uudempia teorioita ja innovaatioita, mink\u00e4 n\u00e4en t\u00e4rke\u00e4n\u00e4.&#8221; &#8211; Taina<\/p>\n\n\n\n<p class=\"has-blush-light-purple-gradient-background has-background\">&#8220;Suosittelen l\u00e4mpim\u00e4sti kaksivuotista homeopatiakoulutusta ! Opiskelutahti on sopiva sellaiselle, joka haluaa valmistua nopeasti ja joka pystyy sitoutumaan luennoille osallistumiseen, kotiteht\u00e4vien tekemiseen ja siihen, ett\u00e4 itsekin pit\u00e4\u00e4 ottaa asioista selv\u00e4\u00e4. Ep\u00e4varmuuttakin saa harjoitella, sill\u00e4 jokaisen homeopaatiksi ryhtyv\u00e4n on itse oivallettava jotain syv\u00e4llist\u00e4 ja l\u00f6ydett\u00e4v\u00e4 oma tapa olla homeopaatti. Kaikkea ei siis voi oppia valmiiksi annettuna ja kirjoista luettuna vaan my\u00f6s el\u00e4m\u00e4\u00e4, itse\u00e4, muita ihmisi\u00e4 ja luontoa tarkkailemalla. Koulun opettajat ovat yst\u00e4v\u00e4llisi\u00e4, joustavia ja auttavaisia, samoin opiskelukavereiden kesken yhteishenki on tosi ihana. Opiskelu on ihana matka, jonka aikana oma ajattelutapa melkein kaikkeen voi muuttua.&#8221; &#8211; nainen 50 v.<\/p>\n","protected":false},"excerpt":{"rendered":"<p>LAITA VAPAAAMUOTOINEN HAKEMUS REETAREXI@GMAIL.COM NIIN KUTSUMME SINUT HAASTATTELUUN. P\u00c4\u00c4SET MUKAAN MIK\u00c4LI OLET SUORITTANUT HOMEOPATIAN PERUSOPINNOT. L\u00e4hde mukaamme uuteen koulutukseen. Voit valmistua ammattihomeopaatiksi kahdessa vuodessa. Koulutustahti on intensiivinen ja yhdess\u00e4luova. Koulumme on SHRY:n ja ECCH:n hyv\u00e4ksym\u00e4. Koulutus tapahtuu monimuoto-opetuksena. Opiskelet ONLINE, tapaamme nelj\u00e4 kertaa vuodessa liven\u00e4(my\u00f6s zoom) ja viikoittaisissa ONLINE CONTAINER luokissa. Olet mukana alusta asti &hellip; <\/p>\n<p class=\"link-more\"><a href=\"https:\/\/www.homeopathyschool.fi\/?page_id=2385\" class=\"more-link\">Continue reading<span class=\"screen-reader-text\"> &#8220;HOMEOPATIAN KAKSIVUOTISET AMMATTIOPINNOT&#8221;<\/span><\/a><\/p>\n","protected":false},"author":5,"featured_media":0,"parent":0,"menu_order":0,"comment_status":"closed","ping_status":"closed","template":"","meta":{"footnotes":""},"_links":{"self":[{"href":"https:\/\/www.homeopathyschool.fi\/index.php?rest_route=\/wp\/v2\/pages\/2385"}],"collection":[{"href":"https:\/\/www.homeopathyschool.fi\/index.php?rest_route=\/wp\/v2\/pages"}],"about":[{"href":"https:\/\/www.homeopathyschool.fi\/index.php?rest_route=\/wp\/v2\/types\/page"}],"author":[{"embeddable":true,"href":"https:\/\/www.homeopathyschool.fi\/index.php?rest_route=\/wp\/v2\/users\/5"}],"replies":[{"embeddable":true,"href":"https:\/\/www.homeopathyschool.fi\/index.php?rest_route=%2Fwp%2Fv2%2Fcomments&post=2385"}],"version-history":[{"count":34,"href":"https:\/\/www.homeopathyschool.fi\/index.php?rest_route=\/wp\/v2\/pages\/2385\/revisions"}],"predecessor-version":[{"id":3160,"href":"https:\/\/www.homeopathyschool.fi\/index.php?rest_route=\/wp\/v2\/pages\/2385\/revisions\/3160"}],"wp:attachment":[{"href":"https:\/\/www.homeopathyschool.fi\/index.php?rest_route=%2Fwp%2Fv2%2Fmedia&parent=2385"}],"curies":[{"name":"wp","href":"https:\/\/api.w.org\/{rel}","templated":true}]}}