{"id":2397,"date":"2023-02-27T14:42:28","date_gmt":"2023-02-27T14:42:28","guid":{"rendered":"http:\/\/www.homeopathyschool.fi\/?page_id=2397"},"modified":"2026-03-04T12:31:40","modified_gmt":"2026-03-04T12:31:40","slug":"joogafestival-4-5-3-2023","status":"publish","type":"page","link":"https:\/\/www.homeopathyschool.fi\/?page_id=2397","title":{"rendered":"JOOGAFESTIVAL 28.2.-1.3.2026"},"content":{"rendered":"\n<p>Academy of Transformative Homeopathy osallistuu Joogafestivaaleille yhdess\u00e4 Reeta Pohjonen Homeopathyn kanssa.<\/p>\n\n\n\n<figure class=\"wp-block-image size-large\"><a href=\"https:\/\/www.homeopathyschool.fi\/wp-content\/uploads\/2025\/02\/RRR3.png\"><img loading=\"lazy\" decoding=\"async\" width=\"819\" height=\"1024\" src=\"https:\/\/www.homeopathyschool.fi\/wp-content\/uploads\/2025\/02\/RRR3-819x1024.png\" alt=\"\" class=\"wp-image-2911\" srcset=\"https:\/\/www.homeopathyschool.fi\/wp-content\/uploads\/2025\/02\/RRR3-819x1024.png 819w, https:\/\/www.homeopathyschool.fi\/wp-content\/uploads\/2025\/02\/RRR3-240x300.png 240w, https:\/\/www.homeopathyschool.fi\/wp-content\/uploads\/2025\/02\/RRR3-768x960.png 768w, https:\/\/www.homeopathyschool.fi\/wp-content\/uploads\/2025\/02\/RRR3-1229x1536.png 1229w, https:\/\/www.homeopathyschool.fi\/wp-content\/uploads\/2025\/02\/RRR3-1639x2048.png 1639w, https:\/\/www.homeopathyschool.fi\/wp-content\/uploads\/2025\/02\/RRR3.png 2025w\" sizes=\"(max-width: 706px) 89vw, (max-width: 767px) 82vw, 740px\" \/><\/a><\/figure>\n\n\n\n<p>Tervetuloa moikkaamaan meit\u00e4 ja juttelemaan homeopatian opinnoista osastolle C9.<\/p>\n\n\n\n<p>Mukana my\u00f6s uusin kirja &#8220;Shamanistic remedies of the Arctic&#8221;. Voit ennakkotilata sen <a href=\"https:\/\/holvi.com\/shop\/HomeopathySchoolHelsinki\/section\/shamanistic-remedies-of-the-arctic\/\" data-type=\"link\" data-id=\"https:\/\/holvi.com\/shop\/HomeopathySchoolHelsinki\/section\/shamanistic-remedies-of-the-arctic\/\">t\u00e4\u00e4lt\u00e4.<\/a> ARVONTA OSASTOLLAMME! Voit voittaa itsellesi uuden kirjamme.<\/p>\n\n\n\n<p>Joogafestivaaleilla on mukana koulun rehtori Reeta Pohjonen, koulun tiimi ja opettajia Miia Ihalempi\u00e4,  Liis Aaslaid, Minna Luostarinen ja Marika Rita.<\/p>\n\n\n\n<p>Voit ostaa meilt\u00e4 homeopaattisia akuutteja l\u00e4\u00e4keaineita.<\/p>\n\n\n\n<p>N\u00c4HD\u00c4\u00c4N JOOGAFESTIVAALEILLA !<\/p>\n\n\n\n<figure class=\"wp-block-image size-large\"><a href=\"https:\/\/www.homeopathyschool.fi\/wp-content\/uploads\/2026\/03\/REETA-JA-MINNA-scaled.jpg\"><img loading=\"lazy\" decoding=\"async\" width=\"768\" height=\"1024\" src=\"https:\/\/www.homeopathyschool.fi\/wp-content\/uploads\/2026\/03\/REETA-JA-MINNA-768x1024.jpg\" alt=\"\" class=\"wp-image-3244\" srcset=\"https:\/\/www.homeopathyschool.fi\/wp-content\/uploads\/2026\/03\/REETA-JA-MINNA-768x1024.jpg 768w, https:\/\/www.homeopathyschool.fi\/wp-content\/uploads\/2026\/03\/REETA-JA-MINNA-225x300.jpg 225w, https:\/\/www.homeopathyschool.fi\/wp-content\/uploads\/2026\/03\/REETA-JA-MINNA-1152x1536.jpg 1152w, https:\/\/www.homeopathyschool.fi\/wp-content\/uploads\/2026\/03\/REETA-JA-MINNA-1536x2048.jpg 1536w, https:\/\/www.homeopathyschool.fi\/wp-content\/uploads\/2026\/03\/REETA-JA-MINNA-scaled.jpg 1920w\" sizes=\"(max-width: 706px) 89vw, (max-width: 767px) 82vw, 740px\" \/><\/a><\/figure>\n\n\n\n<p>ATH:N rehtori Reeta Pohjonen ja perusopiskelijoiden tutori Minna Luostarinen.<\/p>\n","protected":false},"excerpt":{"rendered":"<p>Academy of Transformative Homeopathy osallistuu Joogafestivaaleille yhdess\u00e4 Reeta Pohjonen Homeopathyn kanssa. Tervetuloa moikkaamaan meit\u00e4 ja juttelemaan homeopatian opinnoista osastolle C9. Mukana my\u00f6s uusin kirja &#8220;Shamanistic remedies of the Arctic&#8221;. Voit ennakkotilata sen t\u00e4\u00e4lt\u00e4. ARVONTA OSASTOLLAMME! Voit voittaa itsellesi uuden kirjamme. Joogafestivaaleilla on mukana koulun rehtori Reeta Pohjonen, koulun tiimi ja opettajia Miia Ihalempi\u00e4, Liis Aaslaid, &hellip; <\/p>\n<p class=\"link-more\"><a href=\"https:\/\/www.homeopathyschool.fi\/?page_id=2397\" class=\"more-link\">Continue reading<span class=\"screen-reader-text\"> &#8220;JOOGAFESTIVAL 28.2.-1.3.2026&#8221;<\/span><\/a><\/p>\n","protected":false},"author":5,"featured_media":0,"parent":0,"menu_order":0,"comment_status":"closed","ping_status":"closed","template":"","meta":{"footnotes":""},"_links":{"self":[{"href":"https:\/\/www.homeopathyschool.fi\/index.php?rest_route=\/wp\/v2\/pages\/2397"}],"collection":[{"href":"https:\/\/www.homeopathyschool.fi\/index.php?rest_route=\/wp\/v2\/pages"}],"about":[{"href":"https:\/\/www.homeopathyschool.fi\/index.php?rest_route=\/wp\/v2\/types\/page"}],"author":[{"embeddable":true,"href":"https:\/\/www.homeopathyschool.fi\/index.php?rest_route=\/wp\/v2\/users\/5"}],"replies":[{"embeddable":true,"href":"https:\/\/www.homeopathyschool.fi\/index.php?rest_route=%2Fwp%2Fv2%2Fcomments&post=2397"}],"version-history":[{"count":23,"href":"https:\/\/www.homeopathyschool.fi\/index.php?rest_route=\/wp\/v2\/pages\/2397\/revisions"}],"predecessor-version":[{"id":3246,"href":"https:\/\/www.homeopathyschool.fi\/index.php?rest_route=\/wp\/v2\/pages\/2397\/revisions\/3246"}],"wp:attachment":[{"href":"https:\/\/www.homeopathyschool.fi\/index.php?rest_route=%2Fwp%2Fv2%2Fmedia&parent=2397"}],"curies":[{"name":"wp","href":"https:\/\/api.w.org\/{rel}","templated":true}]}}