{"id":2460,"date":"2023-05-15T13:46:29","date_gmt":"2023-05-15T13:46:29","guid":{"rendered":"http:\/\/www.homeopathyschool.fi\/?page_id=2460"},"modified":"2025-10-10T10:21:21","modified_gmt":"2025-10-10T10:21:21","slug":"homeopath-jonna-laukkanen","status":"publish","type":"page","link":"https:\/\/www.homeopathyschool.fi\/?page_id=2460","title":{"rendered":"Homeopaatti Jonna Laukkanen"},"content":{"rendered":"\n<figure class=\"wp-block-image size-large\"><a href=\"http:\/\/www.homeopathyschool.fi\/wp-content\/uploads\/2023\/05\/jonna-kuva.jpeg\"><img loading=\"lazy\" decoding=\"async\" width=\"819\" height=\"1024\" src=\"http:\/\/www.homeopathyschool.fi\/wp-content\/uploads\/2023\/05\/jonna-kuva-819x1024.jpeg\" alt=\"\" class=\"wp-image-2464\" srcset=\"https:\/\/www.homeopathyschool.fi\/wp-content\/uploads\/2023\/05\/jonna-kuva-819x1024.jpeg 819w, https:\/\/www.homeopathyschool.fi\/wp-content\/uploads\/2023\/05\/jonna-kuva-240x300.jpeg 240w, https:\/\/www.homeopathyschool.fi\/wp-content\/uploads\/2023\/05\/jonna-kuva-768x960.jpeg 768w, https:\/\/www.homeopathyschool.fi\/wp-content\/uploads\/2023\/05\/jonna-kuva-1229x1536.jpeg 1229w, https:\/\/www.homeopathyschool.fi\/wp-content\/uploads\/2023\/05\/jonna-kuva.jpeg 1440w\" sizes=\"(max-width: 706px) 89vw, (max-width: 767px) 82vw, 740px\" \/><\/a><\/figure>\n\n\n\n<p>Hei olen Jonna Laukkanen 46-vuotias homeopaatti.<\/p>\n\n\n\n<p>Olen saanut klassisen koulutuksen, mutta jatkokouluttautunut&nbsp;valmistumiseni j\u00e4lkeen, jotta voisin auttaa mahdollisimman monenlaisia asiakkaita.<\/p>\n\n\n\n<p>Jokainen asiakas on ainutlaatuinen &nbsp;ja hoidan h\u00e4nt\u00e4 yksil\u00f6llisesti koko ammattitaidollani. Jokaisen tarina ja vastaanottotilanne on erilainen. Rakastan ty\u00f6ss\u00e4ni ihmisten kohtaamista juuri siin\u00e4 hetkess\u00e4 ja homeopaattisten valmisteiden kiehtovaa maailmaa. Suhtaudun homeopatiaan hyvin intohimoisesti ja suurella kiitollisuudella. Olen hy\u00f6tynyt itse homeopatiasta suunnattomasti el\u00e4m\u00e4ni aikana ja pystynyt auttamaan monia asiakkaitani.&nbsp;<\/p>\n\n\n\n<p>Homeopatia on kulkenut mukana el\u00e4m\u00e4ss\u00e4ni lapsesta saakka. \u00c4itini k\u00e4vi homeopaatilla, kun olin lapsi. Itse hy\u00f6dyin homeopaattisista valmisteista teinin\u00e4 hankalien kuukautisten kanssa.&nbsp;<\/p>\n\n\n\n<p>Homeopatia muistui aktiiviseen k\u00e4ytt\u00f6\u00f6n arjessa omien lasten my\u00f6t\u00e4. Akuutit paranemiset perheess\u00e4 her\u00e4ttiv\u00e4t mielenkiinnon, niin, ett\u00e4 hakeuduin opiskelemaan homeopatiaa.&nbsp;<\/p>\n\n\n\n<p>Opiskelin homeopaatiksi Helsingiss\u00e4&nbsp;<a href=\"http:\/\/www.homeopathyschool.fi\/\" target=\"_blank\" rel=\"noreferrer noopener\">www.homeopathyschool.fi<\/a>. Rakastan homeopatian opiskelua ja yhteis\u00f6\u00e4, joka on l\u00f6ytynyt opintojen my\u00f6t\u00e4. Toimin koulussa opettajana t\u00e4ll\u00e4 hetkell\u00e4.<\/p>\n\n\n\n<p>Olen Suomen Homeopaatit ry:n j\u00e4sen ja olen toiminut yhdistyksen hallituksessa kauden 2024.<\/p>\n\n\n\n<p>Vastaanottoni ovet ovat avoinna ihan kaikille. Syd\u00e4nt\u00e4ni l\u00e4hell\u00e4 on naisten tukeminen heid\u00e4n eri el\u00e4m\u00e4n vaiheissaan. Hoidan mielell\u00e4ni lapsiasiakkaita ja my\u00f6s miehet ovat l\u00e4mpim\u00e4sti&nbsp;tervetulleita vastaanotolleni.<\/p>\n\n\n\n<p>Olen t\u00e4ll\u00e4 hetkell\u00e4 el\u00e4m\u00e4ss\u00e4 ennen kaikkea perheen\u00e4iti. Minulla on kolme upeaa kouluik\u00e4ist\u00e4 tyt\u00e4rt\u00e4. Olen my\u00f6s pienen terrierin Lunan mami. Perheeseemme kuuluu my\u00f6s mieheni, lasten is\u00e4. Meill\u00e4 on takana yhteist\u00e4 upeaa ja vaiherikasta&nbsp;matkaa yli 20v.<\/p>\n\n\n\n<p>Olen kotoisin Pohjois-Karjalasta ja sielunmaisemani onkin oma m\u00f6kkiranta saaressa, jossa on maailman kauneimmat auringonlaskut. Viile\u00e4 j\u00e4rvivesi huuhtoo v\u00e4lill\u00e4 tyyneydell\u00e4\u00e4n hellien, v\u00e4lill\u00e4 vaahtop\u00e4in myrskyten. Nautin siell\u00e4 niin tyynest\u00e4, kuin myrskyst\u00e4.<\/p>\n\n\n\n<p>Oma koti Helsingiss\u00e4 on turvapaikkani ja rakastan remontointia (tai niiden suunnittelua :)) ja kodin sipistely\u00e4. Meill\u00e4 on tiivis perhe ja viet\u00e4mme paljon aikaa yhdess\u00e4.<\/p>\n\n\n\n<p>Otan asiakkaita vastaan liven\u00e4 Helsingiss\u00e4 T\u00f6\u00f6l\u00f6ss\u00e4 Minervankatu 1. ja satunnaisesti Joensuussa Ecoteekin&nbsp;tiloissa.<\/p>\n\n\n\n<p>Otan vastaan asiakkaita my\u00f6s et\u00e4n\u00e4 Zoomin v\u00e4lityksell\u00e4.<\/p>\n\n\n\n<p>\u201dThe best homeopath does nothing but create the space, within which a person remembers how to heal himself.\u201d Ian Watson: The Tao of Homeopathy<\/p>\n\n\n\n<p>Olet l\u00e4mpim\u00e4sti tervetullut vastaanotolleni.<\/p>\n\n\n\n<p>Lis\u00e4\u00e4 minusta <a href=\"https:\/\/homeopaattijonnalaukkanen.fi\/\">www.homeopaattijonnalaukkanen.fi<\/a><\/p>\n\n\n\n<p>Ajavaraukset laukkanen.jonna@gmail.com<\/p>\n\n\n\n<p>040-559 0450<\/p>\n\n\n\n<p><a href=\"https:\/\/www.instagram.com\/homeopathjonnalaukkanen\/\" data-type=\"URL\" data-id=\"https:\/\/www.instagram.com\/homeopathjonnalaukkanen\/\">https:\/\/www.instagram.com\/homeopathjonnalaukkanen\/<\/a><\/p>\n\n\n\n<p class=\"has-pale-pink-background-color has-background\">HINNASTO<\/p>\n\n\n\n<p class=\"has-pale-pink-background-color has-background\">Homeopaattinen konsultaatio 160 euroa &#8211; ENSIMM\u00c4INEN K\u00c4YNTI (sis\u00e4lt\u00e4\u00e4 l\u00e4\u00e4keaineen)<\/p>\n\n\n\n<p class=\"has-pale-pink-background-color has-background\">Homeopaattinen konsultaatio 130 euroa &#8211; SEURANTA &#8211; (sis\u00e4lt\u00e4\u00e4 l\u00e4\u00e4keaineen)<\/p>\n\n\n\n<p class=\"has-pale-pink-background-color has-background\">Akuutti hoito 60 euroa<\/p>\n","protected":false},"excerpt":{"rendered":"<p>Hei olen Jonna Laukkanen 46-vuotias homeopaatti. Olen saanut klassisen koulutuksen, mutta jatkokouluttautunut&nbsp;valmistumiseni j\u00e4lkeen, jotta voisin auttaa mahdollisimman monenlaisia asiakkaita. Jokainen asiakas on ainutlaatuinen &nbsp;ja hoidan h\u00e4nt\u00e4 yksil\u00f6llisesti koko ammattitaidollani. Jokaisen tarina ja vastaanottotilanne on erilainen. Rakastan ty\u00f6ss\u00e4ni ihmisten kohtaamista juuri siin\u00e4 hetkess\u00e4 ja homeopaattisten valmisteiden kiehtovaa maailmaa. Suhtaudun homeopatiaan hyvin intohimoisesti ja suurella kiitollisuudella. Olen &hellip; <\/p>\n<p class=\"link-more\"><a href=\"https:\/\/www.homeopathyschool.fi\/?page_id=2460\" class=\"more-link\">Continue reading<span class=\"screen-reader-text\"> &#8220;Homeopaatti Jonna Laukkanen&#8221;<\/span><\/a><\/p>\n","protected":false},"author":5,"featured_media":0,"parent":0,"menu_order":0,"comment_status":"closed","ping_status":"closed","template":"","meta":{"footnotes":""},"_links":{"self":[{"href":"https:\/\/www.homeopathyschool.fi\/index.php?rest_route=\/wp\/v2\/pages\/2460"}],"collection":[{"href":"https:\/\/www.homeopathyschool.fi\/index.php?rest_route=\/wp\/v2\/pages"}],"about":[{"href":"https:\/\/www.homeopathyschool.fi\/index.php?rest_route=\/wp\/v2\/types\/page"}],"author":[{"embeddable":true,"href":"https:\/\/www.homeopathyschool.fi\/index.php?rest_route=\/wp\/v2\/users\/5"}],"replies":[{"embeddable":true,"href":"https:\/\/www.homeopathyschool.fi\/index.php?rest_route=%2Fwp%2Fv2%2Fcomments&post=2460"}],"version-history":[{"count":12,"href":"https:\/\/www.homeopathyschool.fi\/index.php?rest_route=\/wp\/v2\/pages\/2460\/revisions"}],"predecessor-version":[{"id":3129,"href":"https:\/\/www.homeopathyschool.fi\/index.php?rest_route=\/wp\/v2\/pages\/2460\/revisions\/3129"}],"wp:attachment":[{"href":"https:\/\/www.homeopathyschool.fi\/index.php?rest_route=%2Fwp%2Fv2%2Fmedia&parent=2460"}],"curies":[{"name":"wp","href":"https:\/\/api.w.org\/{rel}","templated":true}]}}