{"id":2599,"date":"2024-02-13T21:24:12","date_gmt":"2024-02-13T21:24:12","guid":{"rendered":"https:\/\/www.homeopathyschool.fi\/?page_id=2599"},"modified":"2026-03-04T12:26:09","modified_gmt":"2026-03-04T12:26:09","slug":"homeopatian-opintojen-opintopisteet-yhteensa-126-op","status":"publish","type":"page","link":"https:\/\/www.homeopathyschool.fi\/?page_id=2599","title":{"rendered":"Homeopatian opintojen opintopisteet yhteens\u00e4 126 op."},"content":{"rendered":"\n<p class=\"has-background\" style=\"background:linear-gradient(135deg,rgb(6,147,227) 0%,rgb(255,255,255) 79%,rgb(155,81,224) 100%)\">HOMEOPAATIN AMMATTITUTKINTOON JOHTAVA KAKSIVUOTINEN AMMATTIKOULUTUS. KOULUTUS OLI AIEMMIN NELIVUOTINEN JA TAPASIMME HARVEMMIN. UUSI KAKSIVUOTINEN KOULUTUS VASTAA NELIVUOTISTA KOULUTUSTA.<\/p>\n\n\n\n<p class=\"has-pale-cyan-blue-background-color has-background\">SIS\u00c4LL\u00d6T JA OPINTOPISTEM\u00c4\u00c4R\u00c4T<\/p>\n\n\n\n<p><strong>Opetuksen aihealueet ja tavoitteet<\/strong><\/p>\n\n\n\n<p><em><strong>Homeopatian teoria, filosofia ja metodologia 48 op 1275 h<\/strong><\/em><\/p>\n\n\n\n<p>Johdatus kokonaisvaltaiseen terveyteen ja energial\u00e4\u00e4ketieteeseen<\/p>\n\n\n\n<p>Terveys ja sairaus<\/p>\n\n\n\n<p>Ihmisen energeettinen anatomia \u2013 dynamismi ja Vital Force<\/p>\n\n\n\n<p>Hahnemann ja h\u00e4nen ajattelutapansa kontekstissa<\/p>\n\n\n\n<p>Homeopatian ja kokonaisvaltaisen parantumisen perusperiaatteet<\/p>\n\n\n\n<p>Homeopatian filosofian omaksuminen ja kriittinen tarkasteleminen<\/p>\n\n\n\n<p>Krooniset sairaudet ja niiden hoito<\/p>\n\n\n\n<p>Oireiden hahmottaminen ja hierarkia<\/p>\n\n\n\n<p>L\u00e4\u00e4keaineiden reaktiokaaviot ja potilastapausten hallinta<\/p>\n\n\n\n<p>Parantumisen esteet<\/p>\n\n\n\n<p>Yhteisty\u00f6 koulul\u00e4\u00e4ketieteen kanssa<\/p>\n\n\n\n<p>L\u00e4\u00e4keainem\u00e4\u00e4r\u00e4ysten mallit ja soveltaminen<\/p>\n\n\n\n<p>Diagnostinen taito<\/p>\n\n\n\n<p>Syvennetyt opinnot ja uudet kehityssuunnat homeopatiassa<\/p>\n\n\n\n<p>Metodologiat ja niiden hahmottaminen<\/p>\n\n\n\n<p>Metodologian syvent\u00e4v\u00e4t opinnot<\/p>\n\n\n\n<p>Oirehakemiston eli Repertoryn rakenne ja kieli<\/p>\n\n\n\n<p>Repertoryn omaksuminen ja k\u00e4ytt\u00f6<\/p>\n\n\n\n<p>Repertoryn k\u00e4yt\u00f6n syvent\u00e4v\u00e4t opinnot<\/p>\n\n\n\n<p><em><strong>Materia Medica 43 op 1147 h<\/strong><\/em><\/p>\n\n\n\n<p>Oirekuvat ja provings &#8211; johdatus<\/p>\n\n\n\n<p>Materia Medican opiskelu- ja hahmottamismenetelm\u00e4t<\/p>\n\n\n\n<p>Kliiniset teemat ja perusteet akuuttien tilanteiden hoitoon<\/p>\n\n\n\n<p>Syvempien oirekuvien rakentaminen ja energeettisten teemojen yksil\u00f6iminen<\/p>\n\n\n\n<p>Materia Medican opiskelu- ja hahmottamismenetelm\u00e4t<\/p>\n\n\n\n<p>L\u00e4\u00e4keaineperheet<\/p>\n\n\n\n<p>Polycrest-aineet<\/p>\n\n\n\n<p>L\u00e4\u00e4keaineperheet, nosodit<\/p>\n\n\n\n<p>L\u00e4\u00e4keainekuvien syvent\u00e4v\u00e4t opinnot<\/p>\n\n\n\n<p><em><strong>Ammattiin kasvaminen, etiikka ja klinikkaopetus 12 op 317 h<\/strong><\/em><\/p>\n\n\n\n<p>Terapeutin taidot<\/p>\n\n\n\n<p>Casetaking-taito<\/p>\n\n\n\n<p>Asiakkaan kohtaaminen<\/p>\n\n\n\n<p>Potilaan tutkiminen ja ymm\u00e4rt\u00e4minen, parannettavan hahmottaminen<\/p>\n\n\n\n<p>Terapeutin omien teemojen hahmottaminen ja k\u00e4sitteleminen<\/p>\n\n\n\n<p>Etiikka<\/p>\n\n\n\n<p>Oman yksil\u00f6llisen hoitotavan kehitt\u00e4minen<\/p>\n\n\n\n<p>Opetusklinikka<\/p>\n\n\n\n<p><em><strong>Itsen\u00e4inen ty\u00f6harjoittelu 8 op 200 h<\/strong><\/em><\/p>\n\n\n\n<p>Valvottu asiakkaiden vastaanotto<\/p>\n\n\n\n<p>Kliininen harjoittelu<\/p>\n\n\n\n<p><em><strong>Opinn\u00e4ytety\u00f6 14 op 379 h<\/strong><\/em><\/p>\n\n\n\n<p><em><strong>Itsekehitysmoduuli 2 op 62 h<\/strong><\/em><\/p>\n\n\n\n<p>Itsekehitys<\/p>\n\n\n\n<p>L\u00e4sn\u00e4olo- ja vuorovaikutustaidot<\/p>\n\n\n\n<p><em><strong>HSH:n opinto-ohjelma yhteens\u00e4 126 op 3380 h<\/strong><\/em><\/p>\n","protected":false},"excerpt":{"rendered":"<p>HOMEOPAATIN AMMATTITUTKINTOON JOHTAVA KAKSIVUOTINEN AMMATTIKOULUTUS. KOULUTUS OLI AIEMMIN NELIVUOTINEN JA TAPASIMME HARVEMMIN. UUSI KAKSIVUOTINEN KOULUTUS VASTAA NELIVUOTISTA KOULUTUSTA. SIS\u00c4LL\u00d6T JA OPINTOPISTEM\u00c4\u00c4R\u00c4T Opetuksen aihealueet ja tavoitteet Homeopatian teoria, filosofia ja metodologia 48 op 1275 h Johdatus kokonaisvaltaiseen terveyteen ja energial\u00e4\u00e4ketieteeseen Terveys ja sairaus Ihmisen energeettinen anatomia \u2013 dynamismi ja Vital Force Hahnemann ja h\u00e4nen ajattelutapansa kontekstissa &hellip; <\/p>\n<p class=\"link-more\"><a href=\"https:\/\/www.homeopathyschool.fi\/?page_id=2599\" class=\"more-link\">Continue reading<span class=\"screen-reader-text\"> &#8220;Homeopatian opintojen opintopisteet yhteens\u00e4 126 op.&#8221;<\/span><\/a><\/p>\n","protected":false},"author":5,"featured_media":0,"parent":0,"menu_order":0,"comment_status":"closed","ping_status":"closed","template":"","meta":{"footnotes":""},"_links":{"self":[{"href":"https:\/\/www.homeopathyschool.fi\/index.php?rest_route=\/wp\/v2\/pages\/2599"}],"collection":[{"href":"https:\/\/www.homeopathyschool.fi\/index.php?rest_route=\/wp\/v2\/pages"}],"about":[{"href":"https:\/\/www.homeopathyschool.fi\/index.php?rest_route=\/wp\/v2\/types\/page"}],"author":[{"embeddable":true,"href":"https:\/\/www.homeopathyschool.fi\/index.php?rest_route=\/wp\/v2\/users\/5"}],"replies":[{"embeddable":true,"href":"https:\/\/www.homeopathyschool.fi\/index.php?rest_route=%2Fwp%2Fv2%2Fcomments&post=2599"}],"version-history":[{"count":3,"href":"https:\/\/www.homeopathyschool.fi\/index.php?rest_route=\/wp\/v2\/pages\/2599\/revisions"}],"predecessor-version":[{"id":3240,"href":"https:\/\/www.homeopathyschool.fi\/index.php?rest_route=\/wp\/v2\/pages\/2599\/revisions\/3240"}],"wp:attachment":[{"href":"https:\/\/www.homeopathyschool.fi\/index.php?rest_route=%2Fwp%2Fv2%2Fmedia&parent=2599"}],"curies":[{"name":"wp","href":"https:\/\/api.w.org\/{rel}","templated":true}]}}