{"id":267,"date":"2012-01-30T12:47:04","date_gmt":"2012-01-30T12:47:04","guid":{"rendered":"http:\/\/server.evolveos.com\/clients\/TSHH\/?page_id=267"},"modified":"2020-07-08T13:40:23","modified_gmt":"2020-07-08T13:40:23","slug":"peruslaaketieteen-opinnot","status":"publish","type":"page","link":"https:\/\/www.homeopathyschool.fi\/?page_id=267","title":{"rendered":"Perusl\u00e4\u00e4ketieteen opinnot"},"content":{"rendered":"<p>Perusl\u00e4\u00e4ketieteen opinnot ovat pakolliset homeopaateille ja suoritetaan esimm\u00e4isen ja toisen vuoden opintojen aikana. Opinnot k\u00e4sitt\u00e4v\u00e4t anatomian ja fysiologian sek\u00e4 tautiopin jaksot. V\u00e4himm\u00e4isopintom\u00e4\u00e4r\u00e4 on 25 op, suositus 33 op. Perusl\u00e4\u00e4ketieteen opinnot voi suorittaa avointen yliopistojen kursseilla ymp\u00e4ri Suomea, avoimissa ammattikorkeakouluissa, yms. Opintokokonaisuus voidaan my\u00f6s suorittaa et\u00e4opiskeluna School of Homeopathy tasokkaiden kurssikokonaisuuksien kautta.<\/p>\n<p>Opiskelijoita velvoitetaan my\u00f6s hankkimaan v\u00e4hint\u00e4\u00e4n 16 tunnin ensiapukoulutus.<\/p>\n<p>Opiskelijoiden aikasemman ammattitutkinnon yhteydess\u00e4 suoritetut perusl\u00e4\u00e4ketieteen opinnot hyv\u00e4ksyt\u00e4\u00e4n useimmissa tapauksissa sellaisenaan.<\/p>\n","protected":false},"excerpt":{"rendered":"<p>Perusl\u00e4\u00e4ketieteen opinnot ovat pakolliset homeopaateille ja suoritetaan esimm\u00e4isen ja toisen vuoden opintojen aikana. Opinnot k\u00e4sitt\u00e4v\u00e4t anatomian ja fysiologian sek\u00e4 tautiopin jaksot. V\u00e4himm\u00e4isopintom\u00e4\u00e4r\u00e4 on 25 op, suositus 33 op. Perusl\u00e4\u00e4ketieteen opinnot voi suorittaa avointen yliopistojen kursseilla ymp\u00e4ri Suomea, avoimissa ammattikorkeakouluissa, yms. Opintokokonaisuus voidaan my\u00f6s suorittaa et\u00e4opiskeluna School of Homeopathy tasokkaiden kurssikokonaisuuksien kautta. Opiskelijoita velvoitetaan my\u00f6s hankkimaan &hellip; <\/p>\n<p class=\"link-more\"><a href=\"https:\/\/www.homeopathyschool.fi\/?page_id=267\" class=\"more-link\">Continue reading<span class=\"screen-reader-text\"> &#8220;Perusl\u00e4\u00e4ketieteen opinnot&#8221;<\/span><\/a><\/p>\n","protected":false},"author":1,"featured_media":0,"parent":0,"menu_order":0,"comment_status":"closed","ping_status":"closed","template":"","meta":{"footnotes":""},"_links":{"self":[{"href":"https:\/\/www.homeopathyschool.fi\/index.php?rest_route=\/wp\/v2\/pages\/267"}],"collection":[{"href":"https:\/\/www.homeopathyschool.fi\/index.php?rest_route=\/wp\/v2\/pages"}],"about":[{"href":"https:\/\/www.homeopathyschool.fi\/index.php?rest_route=\/wp\/v2\/types\/page"}],"author":[{"embeddable":true,"href":"https:\/\/www.homeopathyschool.fi\/index.php?rest_route=\/wp\/v2\/users\/1"}],"replies":[{"embeddable":true,"href":"https:\/\/www.homeopathyschool.fi\/index.php?rest_route=%2Fwp%2Fv2%2Fcomments&post=267"}],"version-history":[{"count":4,"href":"https:\/\/www.homeopathyschool.fi\/index.php?rest_route=\/wp\/v2\/pages\/267\/revisions"}],"predecessor-version":[{"id":1545,"href":"https:\/\/www.homeopathyschool.fi\/index.php?rest_route=\/wp\/v2\/pages\/267\/revisions\/1545"}],"wp:attachment":[{"href":"https:\/\/www.homeopathyschool.fi\/index.php?rest_route=%2Fwp%2Fv2%2Fmedia&parent=267"}],"curies":[{"name":"wp","href":"https:\/\/api.w.org\/{rel}","templated":true}]}}