{"id":51,"date":"2011-11-29T15:17:38","date_gmt":"2011-11-29T15:17:38","guid":{"rendered":"http:\/\/localhost\/Homeopathy\/?page_id=51"},"modified":"2024-08-10T16:35:31","modified_gmt":"2024-08-10T16:35:31","slug":"events","status":"publish","type":"page","link":"https:\/\/www.homeopathyschool.fi\/?page_id=51","title":{"rendered":"International Seminars"},"content":{"rendered":"<p>HSH Helsinki hosts 2-3 international seminars yearly. They are in English with no translation. You can join them on zoom. This is open for everyone. Welcome !<\/p>\n<p>HSH hosts Tuesday Container, inspirational homeopaths from all over the world. It takes place every other Tuesday at 6-8 pm EET. You will always get a recording. Purchase your zoom spot <a href=\"https:\/\/holvi.com\/shop\/HomeopathySchoolHelsinki\/\">here.<\/a><\/p>\n<p>HSH Helsinki j\u00e4rjest\u00e4\u00e4 vuosittain 2-3 seminaaria, jossa luennoitsijana on kansainv\u00e4lisesti tunnettu ulkomaalainen homeopaatti. Seminaarit kuuluvat opiskelijoidemme opinto-ohjelmaan ja ovat my\u00f6s avoinna jo valmistuneille homeopaateille, sek\u00e4 muiden homeopatiakoulujen opiskelijoille.<\/p>\n<p>Vierailevina luennoitsijoina meill\u00e4 on k\u00e4ynyt mm. Divya Chhabra, Jeremy Sherr, David Mundy, Sue Armstrong, Linda Gwillim, Misha Norland, Massimo Mangialavori, Andreas Bj\u00f8rndal, Alize Timmerman, Ian Watson, Declan Hammond ja Janet Snowdon.<\/p>\n<p>Koulumma j\u00e4rjest\u00e4\u00e4 &#8220;Tuesday Container&#8221; opetusta joka toinen tiistai klo 18-20. N\u00e4ist\u00e4 tulee my\u00f6s tallenne ja voit ostaa vanhoja luentoja <a href=\"https:\/\/holvi.com\/shop\/HomeopathySchoolHelsinki\/\">t\u00e4st\u00e4.<\/a><\/p>\n<p>Lukuvuoden 2024-25 ulkomaiset luennoitsijat ovat Ian Watson ja\u00a0 Janey Lavelle.<\/p>\n","protected":false},"excerpt":{"rendered":"<p>HSH Helsinki hosts 2-3 international seminars yearly. They are in English with no translation. You can join them on zoom. This is open for everyone. Welcome ! HSH hosts Tuesday Container, inspirational homeopaths from all over the world. It takes place every other Tuesday at 6-8 pm EET. You will always get a recording. Purchase &hellip; <\/p>\n<p class=\"link-more\"><a href=\"https:\/\/www.homeopathyschool.fi\/?page_id=51\" class=\"more-link\">Continue reading<span class=\"screen-reader-text\"> &#8220;International Seminars&#8221;<\/span><\/a><\/p>\n","protected":false},"author":1,"featured_media":0,"parent":0,"menu_order":0,"comment_status":"closed","ping_status":"closed","template":"","meta":{"footnotes":""},"_links":{"self":[{"href":"https:\/\/www.homeopathyschool.fi\/index.php?rest_route=\/wp\/v2\/pages\/51"}],"collection":[{"href":"https:\/\/www.homeopathyschool.fi\/index.php?rest_route=\/wp\/v2\/pages"}],"about":[{"href":"https:\/\/www.homeopathyschool.fi\/index.php?rest_route=\/wp\/v2\/types\/page"}],"author":[{"embeddable":true,"href":"https:\/\/www.homeopathyschool.fi\/index.php?rest_route=\/wp\/v2\/users\/1"}],"replies":[{"embeddable":true,"href":"https:\/\/www.homeopathyschool.fi\/index.php?rest_route=%2Fwp%2Fv2%2Fcomments&post=51"}],"version-history":[{"count":19,"href":"https:\/\/www.homeopathyschool.fi\/index.php?rest_route=\/wp\/v2\/pages\/51\/revisions"}],"predecessor-version":[{"id":2792,"href":"https:\/\/www.homeopathyschool.fi\/index.php?rest_route=\/wp\/v2\/pages\/51\/revisions\/2792"}],"wp:attachment":[{"href":"https:\/\/www.homeopathyschool.fi\/index.php?rest_route=%2Fwp%2Fv2%2Fmedia&parent=51"}],"curies":[{"name":"wp","href":"https:\/\/api.w.org\/{rel}","templated":true}]}}