{"id":57,"date":"2011-11-29T15:18:14","date_gmt":"2011-11-29T15:18:14","guid":{"rendered":"http:\/\/localhost\/Homeopathy\/?page_id=57"},"modified":"2024-08-11T15:17:42","modified_gmt":"2024-08-11T15:17:42","slug":"contact","status":"publish","type":"page","link":"https:\/\/www.homeopathyschool.fi\/?page_id=57","title":{"rendered":"Ota yhteytt\u00e4"},"content":{"rendered":"<div class=\"wp-block-image\">\n<figure class=\"alignright size-large is-resized\"><a href=\"http:\/\/www.homeopathyschool.fi\/wp-content\/uploads\/2024\/08\/Reeta_Nina_0765_lores_www.jpg\"><img loading=\"lazy\" decoding=\"async\" width=\"683\" height=\"1024\" src=\"http:\/\/www.homeopathyschool.fi\/wp-content\/uploads\/2024\/08\/Reeta_Nina_0765_lores_www-683x1024.jpg\" alt=\"\" class=\"wp-image-2847\" style=\"width:195px;height:auto\" srcset=\"https:\/\/www.homeopathyschool.fi\/wp-content\/uploads\/2024\/08\/Reeta_Nina_0765_lores_www-683x1024.jpg 683w, https:\/\/www.homeopathyschool.fi\/wp-content\/uploads\/2024\/08\/Reeta_Nina_0765_lores_www-200x300.jpg 200w, https:\/\/www.homeopathyschool.fi\/wp-content\/uploads\/2024\/08\/Reeta_Nina_0765_lores_www-768x1152.jpg 768w, https:\/\/www.homeopathyschool.fi\/wp-content\/uploads\/2024\/08\/Reeta_Nina_0765_lores_www-1024x1536.jpg 1024w, https:\/\/www.homeopathyschool.fi\/wp-content\/uploads\/2024\/08\/Reeta_Nina_0765_lores_www-1366x2048.jpg 1366w, https:\/\/www.homeopathyschool.fi\/wp-content\/uploads\/2024\/08\/Reeta_Nina_0765_lores_www.jpg 1600w\" sizes=\"(max-width: 683px) 100vw, 683px\" \/><\/a><\/figure><\/div>\n\n\n<p>Homeopatian lyhyet kurssit voit ostaa <a href=\"https:\/\/holvi.com\/shop\/HomeopathySchoolHelsinki\/\">Homeopathy School Helsinki Holvi kaupasta.<\/a><\/p>\n\n\n\n<p>Mik\u00e4li sinulla on kysytt\u00e4v\u00e4\u00e4, voit laittaa joko s\u00e4hk\u00f6postia Reetalle tai soittaa Ninalle koulun numeroon.<\/p>\n\n\n\n<p>Homeopatian kaksivuotisia ammattiopintoja varten :<\/p>\n\n\n\n<p>Laita vapaamuotoinen hakemus reetarexi@gmail.com niin kutsumme sinut haastatteluun.<\/p>\n","protected":false},"excerpt":{"rendered":"<p>Homeopatian lyhyet kurssit voit ostaa Homeopathy School Helsinki Holvi kaupasta. Mik\u00e4li sinulla on kysytt\u00e4v\u00e4\u00e4, voit laittaa joko s\u00e4hk\u00f6postia Reetalle tai soittaa Ninalle koulun numeroon. Homeopatian kaksivuotisia ammattiopintoja varten : Laita vapaamuotoinen hakemus reetarexi@gmail.com niin kutsumme sinut haastatteluun.<\/p>\n","protected":false},"author":1,"featured_media":0,"parent":0,"menu_order":0,"comment_status":"closed","ping_status":"closed","template":"","meta":{"footnotes":""},"_links":{"self":[{"href":"https:\/\/www.homeopathyschool.fi\/index.php?rest_route=\/wp\/v2\/pages\/57"}],"collection":[{"href":"https:\/\/www.homeopathyschool.fi\/index.php?rest_route=\/wp\/v2\/pages"}],"about":[{"href":"https:\/\/www.homeopathyschool.fi\/index.php?rest_route=\/wp\/v2\/types\/page"}],"author":[{"embeddable":true,"href":"https:\/\/www.homeopathyschool.fi\/index.php?rest_route=\/wp\/v2\/users\/1"}],"replies":[{"embeddable":true,"href":"https:\/\/www.homeopathyschool.fi\/index.php?rest_route=%2Fwp%2Fv2%2Fcomments&post=57"}],"version-history":[{"count":9,"href":"https:\/\/www.homeopathyschool.fi\/index.php?rest_route=\/wp\/v2\/pages\/57\/revisions"}],"predecessor-version":[{"id":2849,"href":"https:\/\/www.homeopathyschool.fi\/index.php?rest_route=\/wp\/v2\/pages\/57\/revisions\/2849"}],"wp:attachment":[{"href":"https:\/\/www.homeopathyschool.fi\/index.php?rest_route=%2Fwp%2Fv2%2Fmedia&parent=57"}],"curies":[{"name":"wp","href":"https:\/\/api.w.org\/{rel}","templated":true}]}}