{"id":90,"date":"2012-01-22T13:33:13","date_gmt":"2012-01-22T13:33:13","guid":{"rendered":"http:\/\/server.evolveos.com\/clients\/TSHH\/?page_id=90"},"modified":"2025-09-17T09:15:53","modified_gmt":"2025-09-17T09:15:53","slug":"homeopaatin-tutkinto-2","status":"publish","type":"page","link":"https:\/\/www.homeopathyschool.fi\/?page_id=90","title":{"rendered":"Homeopaatin tutkinto"},"content":{"rendered":"\n<figure class=\"wp-block-image size-large\"><img loading=\"lazy\" decoding=\"async\" width=\"700\" height=\"340\" src=\"http:\/\/www.homeopathyschool.fi\/wp-content\/uploads\/2020\/07\/kirja.jpg\" alt=\"\" class=\"wp-image-1740\" srcset=\"https:\/\/www.homeopathyschool.fi\/wp-content\/uploads\/2020\/07\/kirja.jpg 700w, https:\/\/www.homeopathyschool.fi\/wp-content\/uploads\/2020\/07\/kirja-300x146.jpg 300w\" sizes=\"(max-width: 700px) 100vw, 700px\" \/><\/figure>\n\n\n\n<p>HOMEOPATIAN OPISKELU<\/p>\n\n\n\n<p class=\"has-pale-ocean-gradient-background has-background\">HAE MUKAAN KAKSIVUOTISEEN AMMATTIKOULUTUKSEEN JOS OLET K\u00c4YNYT PERUSOPINNOT MEILL\u00c4 TAI MUISSA KOULUISSA.<\/p>\n\n\n\n<p>Homeopatian tutkinto suoritetaan kahden lukuvuoden kokonaisuutena, joka k\u00e4sitt\u00e4\u00e4 perusl\u00e4\u00e4ketieteen opinnot, homeopatian filosofian, metodologian, l\u00e4\u00e4keaineiden (materia medica) ja oirehakemiston (repertory), sek\u00e4 terapeutin ja itsekehityksen taitojen syvent\u00e4v\u00e4t opinnot. Lis\u00e4ksi opintojen keskeisen\u00e4 osana on opetusklinikka. Tuesday Container opetus sis\u00e4ltyy opintoihin.<\/p>\n\n\n\n<p>L\u00e4hiopetusseminaarit pidet\u00e4\u00e4n viikonloppuisin 4 kertaa vuodessa, joten opiskelu on mahdollista my\u00f6s kokop\u00e4iv\u00e4isesti t\u00f6iss\u00e4k\u00e4yville. Et\u00e4opiskelutunteja vaaditaan vuodessa noin 1200. Homeopaatin ammatti on antoisa ja eritt\u00e4in palkitseva el\u00e4m\u00e4n polku ja pyrimme voimauttamaan opiskelijamme, jotta heill\u00e4 olisi parhaat mahdolliset edellytykset toimia kokop\u00e4iv\u00e4isesti ammatissaan.<\/p>\n\n\n\n<p>Mik\u00e4li olet aloittanut homeopatian opinnot muualla, kysy mahdollisuutta jatkaa koulussamme. Mik\u00e4li olet opiskellut Suomen ulkopuolella, olethan meihin yhteydess\u00e4. Jokaiselle tehd\u00e4\u00e4n oma henkil\u00f6kohtainen opintosuunnitelma.<\/p>\n\n\n\n<p>Homeopatian kaksivuotiset ammattiopinnot maksavat 8800 euroa sis\u00e4lt\u00e4en alv 25,5%.<\/p>\n\n\n\n<p class=\"has-blush-light-purple-gradient-background has-background\">HINTA 8800 EUROA. MIK\u00c4LI OLET K\u00c4YNYT MEILL\u00c4 PERUSOPINNOT, V\u00c4HENN\u00c4MME SUMMAN T\u00c4ST\u00c4.<\/p>\n\n\n\n<p><\/p>\n\n\n\n<p>Koulumme opettajat Reeta Pohjonen ja Vanessa Noem\u00ed pit\u00e4v\u00e4t esittelyvideon koulusta, HomeoMamas ohjelmasta ja Cycle Wisdom. <a href=\"http:\/\/vimeo.com\/user54180830\/\">Katso t\u00e4st\u00e4.<\/a><\/p>\n\n\n\n<p>Maija Korsu kertoo opiskelusta koulussamme. <a href=\"https:\/\/vimeo.com\/997346362?share=copy\" data-type=\"link\" data-id=\"https:\/\/vimeo.com\/997346362?share=copy\">Katso t\u00e4st\u00e4.<\/a><\/p>\n\n\n\n<p>Maija valmistui kes\u00e4kuussa 2024 ja teki lopputy\u00f6n Kuolemasta. H\u00e4n maalasi taulun &#8220;Death, by my side&#8221;, jonka voit n\u00e4hd\u00e4 koulussamme viel\u00e4 lokakuun 2024 ajan Luotsikatu 5 tiloissamme Helsingiss\u00e4. Maija my\u00f6s kirjoitti taulun ohella koskettavan lopputy\u00f6n kuolemasta.<\/p>\n\n\n\n<p>Taulussa on edustettuna l\u00e4\u00e4keaineet:  <\/p>\n\n\n<div class=\"wp-block-image\">\n<figure class=\"alignright size-large is-resized\"><a href=\"https:\/\/www.homeopathyschool.fi\/wp-content\/uploads\/2024\/08\/Maiija-Korsu-1.jpg\"><img loading=\"lazy\" decoding=\"async\" width=\"819\" height=\"1024\" src=\"https:\/\/www.homeopathyschool.fi\/wp-content\/uploads\/2024\/08\/Maiija-Korsu-1-819x1024.jpg\" alt=\"\" class=\"wp-image-2802\" style=\"width:275px;height:auto\" srcset=\"https:\/\/www.homeopathyschool.fi\/wp-content\/uploads\/2024\/08\/Maiija-Korsu-1-819x1024.jpg 819w, https:\/\/www.homeopathyschool.fi\/wp-content\/uploads\/2024\/08\/Maiija-Korsu-1-240x300.jpg 240w, https:\/\/www.homeopathyschool.fi\/wp-content\/uploads\/2024\/08\/Maiija-Korsu-1-768x960.jpg 768w, https:\/\/www.homeopathyschool.fi\/wp-content\/uploads\/2024\/08\/Maiija-Korsu-1-1229x1536.jpg 1229w, https:\/\/www.homeopathyschool.fi\/wp-content\/uploads\/2024\/08\/Maiija-Korsu-1.jpg 1440w\" sizes=\"(max-width: 706px) 89vw, (max-width: 767px) 82vw, 740px\" \/><\/a><\/figure><\/div>\n\n\n<p>Arsenicum album &#8211; iso saattohoitol\u00e4\u00e4keaine <\/p>\n\n\n\n<p>Cygnus Cygnus &#8211; paljon k\u00e4ytetty surul\u00e4\u00e4keaine<\/p>\n\n\n\n<p>Ayahuasca &#8211; iso traumal\u00e4\u00e4\u00e4keaine<\/p>\n","protected":false},"excerpt":{"rendered":"<p>HOMEOPATIAN OPISKELU HAE MUKAAN KAKSIVUOTISEEN AMMATTIKOULUTUKSEEN JOS OLET K\u00c4YNYT PERUSOPINNOT MEILL\u00c4 TAI MUISSA KOULUISSA. Homeopatian tutkinto suoritetaan kahden lukuvuoden kokonaisuutena, joka k\u00e4sitt\u00e4\u00e4 perusl\u00e4\u00e4ketieteen opinnot, homeopatian filosofian, metodologian, l\u00e4\u00e4keaineiden (materia medica) ja oirehakemiston (repertory), sek\u00e4 terapeutin ja itsekehityksen taitojen syvent\u00e4v\u00e4t opinnot. Lis\u00e4ksi opintojen keskeisen\u00e4 osana on opetusklinikka. Tuesday Container opetus sis\u00e4ltyy opintoihin. L\u00e4hiopetusseminaarit pidet\u00e4\u00e4n viikonloppuisin 4 &hellip; <\/p>\n<p class=\"link-more\"><a href=\"https:\/\/www.homeopathyschool.fi\/?page_id=90\" class=\"more-link\">Continue reading<span class=\"screen-reader-text\"> &#8220;Homeopaatin tutkinto&#8221;<\/span><\/a><\/p>\n","protected":false},"author":1,"featured_media":0,"parent":0,"menu_order":0,"comment_status":"closed","ping_status":"closed","template":"","meta":{"footnotes":""},"_links":{"self":[{"href":"https:\/\/www.homeopathyschool.fi\/index.php?rest_route=\/wp\/v2\/pages\/90"}],"collection":[{"href":"https:\/\/www.homeopathyschool.fi\/index.php?rest_route=\/wp\/v2\/pages"}],"about":[{"href":"https:\/\/www.homeopathyschool.fi\/index.php?rest_route=\/wp\/v2\/types\/page"}],"author":[{"embeddable":true,"href":"https:\/\/www.homeopathyschool.fi\/index.php?rest_route=\/wp\/v2\/users\/1"}],"replies":[{"embeddable":true,"href":"https:\/\/www.homeopathyschool.fi\/index.php?rest_route=%2Fwp%2Fv2%2Fcomments&post=90"}],"version-history":[{"count":52,"href":"https:\/\/www.homeopathyschool.fi\/index.php?rest_route=\/wp\/v2\/pages\/90\/revisions"}],"predecessor-version":[{"id":3124,"href":"https:\/\/www.homeopathyschool.fi\/index.php?rest_route=\/wp\/v2\/pages\/90\/revisions\/3124"}],"wp:attachment":[{"href":"https:\/\/www.homeopathyschool.fi\/index.php?rest_route=%2Fwp%2Fv2%2Fmedia&parent=90"}],"curies":[{"name":"wp","href":"https:\/\/api.w.org\/{rel}","templated":true}]}}