{"id":939,"date":"2016-08-24T10:26:58","date_gmt":"2016-08-24T10:26:58","guid":{"rendered":"http:\/\/www.homeopathyschool.fi\/?page_id=939"},"modified":"2020-07-08T16:16:08","modified_gmt":"2020-07-08T16:16:08","slug":"guy-wurman","status":"publish","type":"page","link":"https:\/\/www.homeopathyschool.fi\/?page_id=939","title":{"rendered":"Guy Wurman"},"content":{"rendered":"\n<div class=\"wp-block-image\"><figure class=\"alignright size-large\"><img loading=\"lazy\" decoding=\"async\" width=\"183\" height=\"190\" src=\"http:\/\/www.homeopathyschool.fi\/wp-content\/uploads\/2018\/08\/wurman_bw.jpg\" alt=\"\" class=\"wp-image-1345\"\/><\/figure><\/div>\n\n\n<div>Guy on klassinen homeopaatti, valmistunut vuonna 2006 SHLI:sta (nyk.\u00a0TSH Helsinki).<a href=\"http:\/\/www.dynamis.edu\/\">\u00a0Dynamis School for advanced Homeopathy UK<\/a>\u00a0-diplomin h\u00e4n on suorittanut Englannissa vuonna 2013.<\/div>\n<div>\n<div data-skip-stacker-links=\"\">\n<div>\u00a0<\/div>\n<div>Rokotteisiin ja homeopatiaan liittyvist\u00e4\u00a0aiheista lukeminen ja somessa keskusteleminen kuuluvat Guyn puuhalistalle, h\u00e4n teki p\u00e4\u00e4tt\u00f6ty\u00f6ns\u00e4 SHLIssa rokotteisiin liittyen.<\/div>\n<div>\u00a0<\/div>\n<div><a href=\"http:\/\/www.wurman.co.uk\/\">http:\/\/www.wurman.co.uk<\/a><br \/><a href=\"https:\/\/www.facebook.com\/HomeopathGuyWurman\">https:\/\/www.facebook.com\/HomeopathGuyWurman<\/a><\/div>\n<div><a title=\"Link: null\">wurman(at)welho.com<\/a><br \/>040 419 79 64<\/div>\n<\/div>\n<\/div>","protected":false},"excerpt":{"rendered":"<p>Guy on klassinen homeopaatti, valmistunut vuonna 2006 SHLI:sta (nyk.\u00a0TSH Helsinki).\u00a0Dynamis School for advanced Homeopathy UK\u00a0-diplomin h\u00e4n on suorittanut Englannissa vuonna 2013. \u00a0 Rokotteisiin ja homeopatiaan liittyvist\u00e4\u00a0aiheista lukeminen ja somessa keskusteleminen kuuluvat Guyn puuhalistalle, h\u00e4n teki p\u00e4\u00e4tt\u00f6ty\u00f6ns\u00e4 SHLIssa rokotteisiin liittyen. \u00a0 http:\/\/www.wurman.co.ukhttps:\/\/www.facebook.com\/HomeopathGuyWurman wurman(at)welho.com040 419 79 64<\/p>\n","protected":false},"author":1,"featured_media":0,"parent":0,"menu_order":0,"comment_status":"closed","ping_status":"closed","template":"","meta":{"footnotes":""},"_links":{"self":[{"href":"https:\/\/www.homeopathyschool.fi\/index.php?rest_route=\/wp\/v2\/pages\/939"}],"collection":[{"href":"https:\/\/www.homeopathyschool.fi\/index.php?rest_route=\/wp\/v2\/pages"}],"about":[{"href":"https:\/\/www.homeopathyschool.fi\/index.php?rest_route=\/wp\/v2\/types\/page"}],"author":[{"embeddable":true,"href":"https:\/\/www.homeopathyschool.fi\/index.php?rest_route=\/wp\/v2\/users\/1"}],"replies":[{"embeddable":true,"href":"https:\/\/www.homeopathyschool.fi\/index.php?rest_route=%2Fwp%2Fv2%2Fcomments&post=939"}],"version-history":[{"count":6,"href":"https:\/\/www.homeopathyschool.fi\/index.php?rest_route=\/wp\/v2\/pages\/939\/revisions"}],"predecessor-version":[{"id":1737,"href":"https:\/\/www.homeopathyschool.fi\/index.php?rest_route=\/wp\/v2\/pages\/939\/revisions\/1737"}],"wp:attachment":[{"href":"https:\/\/www.homeopathyschool.fi\/index.php?rest_route=%2Fwp%2Fv2%2Fmedia&parent=939"}],"curies":[{"name":"wp","href":"https:\/\/api.w.org\/{rel}","templated":true}]}}